{"id":14856,"date":"2026-02-17T08:39:06","date_gmt":"2026-02-17T08:39:06","guid":{"rendered":"https:\/\/nfnatcane.es\/profissionais\/"},"modified":"2025-08-01T09:37:35","modified_gmt":"2025-08-01T09:37:35","slug":"profissionais","status":"publish","type":"page","link":"https:\/\/nfnatcane.es\/pt-pt\/profissionais\/","title":{"rendered":"Profissionais"},"content":{"rendered":"<div class=\"fusion-fullwidth fullwidth-box fusion-builder-row-1 fusion-flex-container has-pattern-background has-mask-background nonhundred-percent-fullwidth non-hundred-percent-height-scrolling\" style=\"--awb-border-radius-top-left:0px;--awb-border-radius-top-right:0px;--awb-border-radius-bottom-right:0px;--awb-border-radius-bottom-left:0px;--awb-flex-wrap:wrap;\" ><div class=\"fusion-builder-row fusion-row fusion-flex-align-items-flex-start fusion-flex-content-wrap\" style=\"max-width:1216.8px;margin-left: calc(-4% \/ 2 );margin-right: calc(-4% \/ 2 );\"><div class=\"fusion-layout-column fusion_builder_column fusion-builder-column-0 fusion_builder_column_1_1 1_1 fusion-flex-column\" style=\"--awb-bg-size:cover;--awb-width-large:100%;--awb-margin-top-large:0px;--awb-spacing-right-large:1.92%;--awb-margin-bottom-large:0px;--awb-spacing-left-large:1.92%;--awb-width-medium:100%;--awb-order-medium:0;--awb-spacing-right-medium:1.92%;--awb-spacing-left-medium:1.92%;--awb-width-small:100%;--awb-order-small:0;--awb-spacing-right-small:1.92%;--awb-spacing-left-small:1.92%;\"><div class=\"fusion-column-wrapper fusion-column-has-shadow fusion-flex-justify-content-flex-start fusion-content-layout-column\"><div class=\"fusion-image-element \" style=\"text-align:center;--awb-caption-title-font-family:var(--h2_typography-font-family);--awb-caption-title-font-weight:var(--h2_typography-font-weight);--awb-caption-title-font-style:var(--h2_typography-font-style);--awb-caption-title-size:var(--h2_typography-font-size);--awb-caption-title-transform:var(--h2_typography-text-transform);--awb-caption-title-line-height:var(--h2_typography-line-height);--awb-caption-title-letter-spacing:var(--h2_typography-letter-spacing);\"><span class=\" fusion-imageframe imageframe-none imageframe-1 hover-type-none\"><img decoding=\"async\" width=\"765\" height=\"536\" title=\"Foto profesionales\" src=\"https:\/\/nfnatcane.es\/wp-content\/uploads\/2025\/06\/Foro-profesionales.png\" data-orig-src=\"https:\/\/nfnatcane.es\/wp-content\/uploads\/2025\/06\/Foro-profesionales.png\" alt class=\"lazyload img-responsive wp-image-13404\" srcset=\"data:image\/svg+xml,%3Csvg%20xmlns%3D%27http%3A%2F%2Fwww.w3.org%2F2000%2Fsvg%27%20width%3D%27765%27%20height%3D%27536%27%20viewBox%3D%270%200%20765%20536%27%3E%3Crect%20width%3D%27765%27%20height%3D%27536%27%20fill-opacity%3D%220%22%2F%3E%3C%2Fsvg%3E\" data-srcset=\"https:\/\/nfnatcane.es\/wp-content\/uploads\/2025\/06\/Foro-profesionales-200x140.png 200w, https:\/\/nfnatcane.es\/wp-content\/uploads\/2025\/06\/Foro-profesionales-400x280.png 400w, https:\/\/nfnatcane.es\/wp-content\/uploads\/2025\/06\/Foro-profesionales-600x420.png 600w, https:\/\/nfnatcane.es\/wp-content\/uploads\/2025\/06\/Foro-profesionales.png 765w\" data-sizes=\"auto\" data-orig-sizes=\"(max-width: 1024px) 100vw, (max-width: 640px) 100vw, 765px\" \/><\/span><\/div><div class=\"fusion-title title fusion-title-1 fusion-title-center fusion-title-text fusion-title-size-two\" style=\"--awb-margin-top:15px;--awb-margin-top-small:0px;--awb-margin-bottom-small:20px;\"><div class=\"title-sep-container title-sep-container-left\"><div class=\"title-sep sep- sep-solid\" style=\"border-color:var(--awb-color3);\"><\/div><\/div><span class=\"awb-title-spacer\"><\/span><h2 class=\"fusion-title-heading title-heading-center fusion-responsive-typography-calculated\" style=\"font-family:&quot;Roboto&quot;;font-style:normal;font-weight:500;margin:0;text-transform:capitalize;--fontSize:42;line-height:var(--awb-typography1-line-height);\"><p style=\"text-align: center;\">PROMO\u00c7\u00d5ES PARA PROFISSIONAIS<\/p><\/h2><span class=\"awb-title-spacer\"><\/span><div class=\"title-sep-container title-sep-container-right\"><div class=\"title-sep sep- sep-solid\" style=\"border-color:var(--awb-color3);\"><\/div><\/div><\/div><div class=\"fusion-text fusion-text-1\" style=\"--awb-font-size:17px;--awb-text-font-family:&quot;Roboto&quot;;--awb-text-font-style:normal;--awb-text-font-weight:400;\"><p>Se \u00e9 um profissional ou criador e utiliza ou pretende utilizar NFNatcane em grandes quantidades, beneficie das tarifas NFNatcane Profissional.<\/p>\n<p>Para solicitar as tarifas e produtos, envie-nos um e-mail para <a href=\"mailto:nfnatcane@nfnatcane.es\">nfnatcane@nfnatcane.es<\/a> indicando no assunto \u201cTarifas profissionais\u201d e incluindo os seus dados como profissional e localidade.<\/p>\n<p>Se \u00e9 profissional e deseja que o(a) aconselhemos sobre quais os produtos que melhor se adequam aos seus c\u00e3es ou gatos, envie-nos um e-mail com o assunto \u201cProduto para o profissional\u201d, indicando ra\u00e7as e caracter\u00edsticas (c\u00e3es de ringue, competi\u00e7\u00e3o, estadias, exerc\u00edcio, alergias, etc.), bem como os seus dados de profissional.<\/p>\n<p>Responderemos \u00e0 sua consulta com a maior brevidade poss\u00edvel, embora, devido \u00e0 grande quantidade de pedidos recebidos diariamente, a resposta possa demorar alguns dias. Respondemos a todas as consultas. <\/p>\n<\/div><div class=\"fusion-text fusion-text-2\" style=\"--awb-font-size:17px;--awb-text-font-family:&quot;Roboto&quot;;--awb-text-font-style:normal;--awb-text-font-weight:400;\"><p><strong>ENVIO AO PROFISSIONAL:<\/strong> No caso dos envios ao profissional, os pedidos ser\u00e3o enviados atrav\u00e9s da empresa SPAIN TIR-SCHENKER e sair\u00e3o do nosso armaz\u00e9m todas as ter\u00e7as e quintas-feiras n\u00e3o feriados.<\/p>\n<p>No envio de cada ter\u00e7a-feira, ser\u00e3o aceites os pedidos realizados entre quinta-feira e a segunda-feira anterior \u00e0s 12:00, hora peninsular. No envio de cada quinta-feira, ser\u00e3o aceites os pedidos realizados entre ter\u00e7a-feira e a quarta-feira anterior \u00e0s 12:00, hora peninsular.<\/p>\n<\/div><div class=\"fusion-title title fusion-title-2 fusion-title-center fusion-title-text fusion-title-size-three\" style=\"--awb-margin-top:15px;--awb-margin-top-small:0px;--awb-margin-bottom-small:20px;\"><div class=\"title-sep-container title-sep-container-left\"><div class=\"title-sep sep- sep-solid\" style=\"border-color:var(--awb-color3);\"><\/div><\/div><span class=\"awb-title-spacer\"><\/span><h3 class=\"fusion-title-heading title-heading-center fusion-responsive-typography-calculated\" style=\"font-family:&quot;Roboto&quot;;font-style:normal;font-weight:500;margin:0;text-transform:capitalize;--fontSize:25;line-height:var(--awb-typography1-line-height);\"><p style=\"text-align: center;\"><strong data-start=\"23\" data-end=\"53\">QUEM PODE BENEFICIAR?<\/strong><\/p>\n<p style=\"text-align: center;\">&nbsp;<\/p>\n<p data-start=\"55\" data-end=\"122\" data-is-last-node=\"\" data-is-only-node=\"\">&nbsp;<\/p><\/h3><span class=\"awb-title-spacer\"><\/span><div class=\"title-sep-container title-sep-container-right\"><div class=\"title-sep sep- sep-solid\" style=\"border-color:var(--awb-color3);\"><\/div><\/div><\/div><div class=\"fusion-text fusion-text-3\" style=\"--awb-font-size:17px;--awb-text-font-family:&quot;Roboto&quot;;--awb-text-font-style:normal;--awb-text-font-weight:400;\"><ul>\n<li>Resid\u00eancias Caninas \/ Felinas<\/li>\n<li>Criadores<\/li>\n<li>Centros de treino<\/li>\n<li>Clubes de trabalho<\/li>\n<li>Profissionais do setor<\/li>\n<\/ul>\n<\/div><\/div><\/div><\/div><\/div>\n","protected":false},"excerpt":{"rendered":"","protected":false},"author":10,"featured_media":0,"parent":0,"menu_order":0,"comment_status":"closed","ping_status":"closed","template":"","meta":{"footnotes":""},"class_list":["post-14856","page","type-page","status-publish","hentry"],"yoast_head":"<!-- This site is optimized with the Yoast SEO plugin v27.3 - https:\/\/yoast.com\/product\/yoast-seo-wordpress\/ -->\n<title>Profissionais<\/title>\n<meta name=\"robots\" content=\"noindex, follow\" \/>\n<meta property=\"og:locale\" content=\"pt_PT\" \/>\n<meta property=\"og:type\" content=\"article\" \/>\n<meta property=\"og:title\" content=\"Profissionais\" \/>\n<meta property=\"og:url\" content=\"https:\/\/nfnatcane.es\/pt-pt\/profissionais\/\" \/>\n<meta property=\"og:site_name\" content=\"NFNatcane | Alimentaci\u00f3n natural\" \/>\n<meta property=\"og:image\" content=\"https:\/\/nfnatcane.es\/wp-content\/uploads\/2025\/06\/Logo-nfnatcane.jpeg\" \/>\n\t<meta property=\"og:image:width\" content=\"832\" \/>\n\t<meta property=\"og:image:height\" content=\"832\" \/>\n\t<meta property=\"og:image:type\" content=\"image\/jpeg\" \/>\n<meta name=\"twitter:card\" content=\"summary_large_image\" \/>\n<meta name=\"twitter:label1\" content=\"Tempo estimado de leitura\" \/>\n\t<meta name=\"twitter:data1\" content=\"7 minutos\" \/>\n<script type=\"application\/ld+json\" class=\"yoast-schema-graph\">{\"@context\":\"https:\\\/\\\/schema.org\",\"@graph\":[{\"@type\":\"WebPage\",\"@id\":\"https:\\\/\\\/nfnatcane.es\\\/pt-pt\\\/profissionais\\\/\",\"url\":\"https:\\\/\\\/nfnatcane.es\\\/pt-pt\\\/profissionais\\\/\",\"name\":\"Profissionais\",\"isPartOf\":{\"@id\":\"https:\\\/\\\/nfnatcane.es\\\/pt-pt\\\/#website\"},\"datePublished\":\"2026-02-17T08:39:06+00:00\",\"inLanguage\":\"pt-PT\",\"potentialAction\":[{\"@type\":\"ReadAction\",\"target\":[\"https:\\\/\\\/nfnatcane.es\\\/pt-pt\\\/profissionais\\\/\"]}]},{\"@type\":\"WebSite\",\"@id\":\"https:\\\/\\\/nfnatcane.es\\\/pt-pt\\\/#website\",\"url\":\"https:\\\/\\\/nfnatcane.es\\\/pt-pt\\\/\",\"name\":\"NFNatcane | Alimentaci\u00f3n natural\",\"description\":\"Pienso natural para perros y gatos con la mejor relaci\u00f3n calidad-precio. Alimentos s\u00faper premium elaborados con ingredientes de primera calidad.\",\"potentialAction\":[{\"@type\":\"SearchAction\",\"target\":{\"@type\":\"EntryPoint\",\"urlTemplate\":\"https:\\\/\\\/nfnatcane.es\\\/pt-pt\\\/?s={search_term_string}\"},\"query-input\":{\"@type\":\"PropertyValueSpecification\",\"valueRequired\":true,\"valueName\":\"search_term_string\"}}],\"inLanguage\":\"pt-PT\"}]}<\/script>\n<!-- \/ Yoast SEO plugin. -->","yoast_head_json":{"title":"Profissionais","robots":{"index":"noindex","follow":"follow"},"og_locale":"pt_PT","og_type":"article","og_title":"Profissionais","og_url":"https:\/\/nfnatcane.es\/pt-pt\/profissionais\/","og_site_name":"NFNatcane | Alimentaci\u00f3n natural","og_image":[{"width":832,"height":832,"url":"https:\/\/nfnatcane.es\/wp-content\/uploads\/2025\/06\/Logo-nfnatcane.jpeg","type":"image\/jpeg"}],"twitter_card":"summary_large_image","twitter_misc":{"Tempo estimado de leitura":"7 minutos"},"schema":{"@context":"https:\/\/schema.org","@graph":[{"@type":"WebPage","@id":"https:\/\/nfnatcane.es\/pt-pt\/profissionais\/","url":"https:\/\/nfnatcane.es\/pt-pt\/profissionais\/","name":"Profissionais","isPartOf":{"@id":"https:\/\/nfnatcane.es\/pt-pt\/#website"},"datePublished":"2026-02-17T08:39:06+00:00","inLanguage":"pt-PT","potentialAction":[{"@type":"ReadAction","target":["https:\/\/nfnatcane.es\/pt-pt\/profissionais\/"]}]},{"@type":"WebSite","@id":"https:\/\/nfnatcane.es\/pt-pt\/#website","url":"https:\/\/nfnatcane.es\/pt-pt\/","name":"NFNatcane | Alimentaci\u00f3n natural","description":"Pienso natural para perros y gatos con la mejor relaci\u00f3n calidad-precio. Alimentos s\u00faper premium elaborados con ingredientes de primera calidad.","potentialAction":[{"@type":"SearchAction","target":{"@type":"EntryPoint","urlTemplate":"https:\/\/nfnatcane.es\/pt-pt\/?s={search_term_string}"},"query-input":{"@type":"PropertyValueSpecification","valueRequired":true,"valueName":"search_term_string"}}],"inLanguage":"pt-PT"}]}},"_links":{"self":[{"href":"https:\/\/nfnatcane.es\/pt-pt\/wp-json\/wp\/v2\/pages\/14856","targetHints":{"allow":["GET"]}}],"collection":[{"href":"https:\/\/nfnatcane.es\/pt-pt\/wp-json\/wp\/v2\/pages"}],"about":[{"href":"https:\/\/nfnatcane.es\/pt-pt\/wp-json\/wp\/v2\/types\/page"}],"author":[{"embeddable":true,"href":"https:\/\/nfnatcane.es\/pt-pt\/wp-json\/wp\/v2\/users\/10"}],"replies":[{"embeddable":true,"href":"https:\/\/nfnatcane.es\/pt-pt\/wp-json\/wp\/v2\/comments?post=14856"}],"version-history":[{"count":2,"href":"https:\/\/nfnatcane.es\/pt-pt\/wp-json\/wp\/v2\/pages\/14856\/revisions"}],"predecessor-version":[{"id":14858,"href":"https:\/\/nfnatcane.es\/pt-pt\/wp-json\/wp\/v2\/pages\/14856\/revisions\/14858"}],"wp:attachment":[{"href":"https:\/\/nfnatcane.es\/pt-pt\/wp-json\/wp\/v2\/media?parent=14856"}],"curies":[{"name":"wp","href":"https:\/\/api.w.org\/{rel}","templated":true}]}}