{"id":14846,"date":"2026-02-17T08:59:46","date_gmt":"2026-02-17T08:59:46","guid":{"rendered":"https:\/\/nfnatcane.es\/o-que-o-seu-animal-de-estimacao-e-voce-andavam-a-procura\/"},"modified":"2025-05-23T09:59:46","modified_gmt":"2025-05-23T09:59:46","slug":"o-que-o-seu-animal-de-estimacao-e-voce-andavam-a-procura","status":"publish","type":"page","link":"https:\/\/nfnatcane.es\/pt-pt\/o-que-o-seu-animal-de-estimacao-e-voce-andavam-a-procura\/","title":{"rendered":"O que o seu animal de estima\u00e7\u00e3o e voc\u00ea andavam \u00e0 procura"},"content":{"rendered":"<ul data-start=\"39\" data-end=\"1038\">\n<li data-start=\"39\" data-end=\"334\">\n<p data-start=\"41\" data-end=\"334\">Possivelmente a melhor rela\u00e7\u00e3o qualidade\/pre\u00e7o atual: venda direta, fabrico espanhol, investimento na qualidade. N\u00e3o vendemos em lojas online nem a intermedi\u00e1rios e, com isso, al\u00e9m de podermos descontar esse valor no pre\u00e7o, garantimos manter fiel a ideia, a imagem, o pre\u00e7o e o produto. <\/p>\n<\/li>\n<li data-start=\"336\" data-end=\"405\">\n<p data-start=\"338\" data-end=\"405\">Ingredientes naturais e de qualidade com sele\u00e7\u00e3o de mat\u00e9ria-prima.<\/p>\n<\/li>\n<li data-start=\"407\" data-end=\"497\">\n<p data-start=\"409\" data-end=\"497\">Elevada palatabilidade: aromas intensos naturais e combina\u00e7\u00e3o adequada de ingredientes.<\/p>\n<\/li>\n<li data-start=\"499\" data-end=\"767\">\n<p data-start=\"501\" data-end=\"767\">Digestibilidade e baixo \u00edndice em intoler\u00e2ncias: Evitamos ingredientes e processos com alto \u00edndice em intoler\u00e2ncias e utilizamos processos e mat\u00e9rias-primas adequados para produtos hipoalerg\u00e9nicos. Taxa de digestibilidade proteica superior a 95% em todos os produtos. <\/p>\n<\/li>\n<li data-start=\"769\" data-end=\"1019\">\n<p data-start=\"771\" data-end=\"1019\">Grande variedade de produtos, espec\u00edficos, para ajustar o produto \u00e0s necessidades de cada c\u00e3o (hipoalerg\u00e9nicos, sem cereais, monoproteicos, hidrolisados, light, digestivos, para pelo e pele, variados, elevados em energia metaboliz\u00e1vel, etc.). <\/p>\n<\/li>\n<li data-start=\"1021\" data-end=\"1038\">\n<p data-start=\"1023\" data-end=\"1038\">Envio gratuito.<\/p>\n<\/li>\n<\/ul>\n<p data-start=\"1040\" data-end=\"1079\" data-is-last-node=\"\" data-is-only-node=\"\">O que o seu animal de estima\u00e7\u00e3o e voc\u00ea andavam \u00e0 procura.<\/p>\n","protected":false},"excerpt":{"rendered":"<p>Possivelmente a melhor rela\u00e7\u00e3o qualidade\/pre\u00e7o atual: venda direta, fabrico espanhol, investimento na qualidade. N\u00e3o vendemos em lojas online nem a<\/p>\n","protected":false},"author":10,"featured_media":0,"parent":0,"menu_order":0,"comment_status":"closed","ping_status":"closed","template":"","meta":{"footnotes":""},"class_list":["post-14846","page","type-page","status-publish","hentry"],"yoast_head":"<!-- This site is optimized with the Yoast SEO plugin v27.3 - https:\/\/yoast.com\/product\/yoast-seo-wordpress\/ -->\n<title>O que o seu animal de estima\u00e7\u00e3o e voc\u00ea andavam \u00e0 procura<\/title>\n<meta name=\"robots\" content=\"index, follow, max-snippet:-1, max-image-preview:large, max-video-preview:-1\" \/>\n<link rel=\"canonical\" href=\"https:\/\/nfnatcane.es\/pt-pt\/o-que-o-seu-animal-de-estimacao-e-voce-andavam-a-procura\/\" \/>\n<meta property=\"og:locale\" content=\"pt_PT\" \/>\n<meta property=\"og:type\" content=\"article\" \/>\n<meta property=\"og:title\" content=\"O que o seu animal de estima\u00e7\u00e3o e voc\u00ea andavam \u00e0 procura\" \/>\n<meta property=\"og:description\" content=\"Possivelmente a melhor rela\u00e7\u00e3o qualidade\/pre\u00e7o atual: venda direta, fabrico espanhol, investimento na qualidade. N\u00e3o vendemos em lojas online nem a\" \/>\n<meta property=\"og:url\" content=\"https:\/\/nfnatcane.es\/pt-pt\/o-que-o-seu-animal-de-estimacao-e-voce-andavam-a-procura\/\" \/>\n<meta property=\"og:site_name\" content=\"NFNatcane | Alimentaci\u00f3n natural\" \/>\n<meta property=\"og:image\" content=\"https:\/\/nfnatcane.es\/wp-content\/uploads\/2025\/06\/Logo-nfnatcane.jpeg\" \/>\n\t<meta property=\"og:image:width\" content=\"832\" \/>\n\t<meta property=\"og:image:height\" content=\"832\" \/>\n\t<meta property=\"og:image:type\" content=\"image\/jpeg\" \/>\n<meta name=\"twitter:card\" content=\"summary_large_image\" \/>\n<meta name=\"twitter:label1\" content=\"Tempo estimado de leitura\" \/>\n\t<meta name=\"twitter:data1\" content=\"1 minuto\" \/>\n<script type=\"application\/ld+json\" class=\"yoast-schema-graph\">{\"@context\":\"https:\\\/\\\/schema.org\",\"@graph\":[{\"@type\":\"WebPage\",\"@id\":\"https:\\\/\\\/nfnatcane.es\\\/pt-pt\\\/o-que-o-seu-animal-de-estimacao-e-voce-andavam-a-procura\\\/\",\"url\":\"https:\\\/\\\/nfnatcane.es\\\/pt-pt\\\/o-que-o-seu-animal-de-estimacao-e-voce-andavam-a-procura\\\/\",\"name\":\"O que o seu animal de estima\u00e7\u00e3o e voc\u00ea andavam \u00e0 procura\",\"isPartOf\":{\"@id\":\"https:\\\/\\\/nfnatcane.es\\\/pt-pt\\\/#website\"},\"datePublished\":\"2026-02-17T08:59:46+00:00\",\"inLanguage\":\"pt-PT\",\"potentialAction\":[{\"@type\":\"ReadAction\",\"target\":[\"https:\\\/\\\/nfnatcane.es\\\/pt-pt\\\/o-que-o-seu-animal-de-estimacao-e-voce-andavam-a-procura\\\/\"]}]},{\"@type\":\"WebSite\",\"@id\":\"https:\\\/\\\/nfnatcane.es\\\/pt-pt\\\/#website\",\"url\":\"https:\\\/\\\/nfnatcane.es\\\/pt-pt\\\/\",\"name\":\"NFNatcane | Alimentaci\u00f3n natural\",\"description\":\"Pienso natural para perros y gatos con la mejor relaci\u00f3n calidad-precio. Alimentos s\u00faper premium elaborados con ingredientes de primera calidad.\",\"potentialAction\":[{\"@type\":\"SearchAction\",\"target\":{\"@type\":\"EntryPoint\",\"urlTemplate\":\"https:\\\/\\\/nfnatcane.es\\\/pt-pt\\\/?s={search_term_string}\"},\"query-input\":{\"@type\":\"PropertyValueSpecification\",\"valueRequired\":true,\"valueName\":\"search_term_string\"}}],\"inLanguage\":\"pt-PT\"}]}<\/script>\n<!-- \/ Yoast SEO plugin. -->","yoast_head_json":{"title":"O que o seu animal de estima\u00e7\u00e3o e voc\u00ea andavam \u00e0 procura","robots":{"index":"index","follow":"follow","max-snippet":"max-snippet:-1","max-image-preview":"max-image-preview:large","max-video-preview":"max-video-preview:-1"},"canonical":"https:\/\/nfnatcane.es\/pt-pt\/o-que-o-seu-animal-de-estimacao-e-voce-andavam-a-procura\/","og_locale":"pt_PT","og_type":"article","og_title":"O que o seu animal de estima\u00e7\u00e3o e voc\u00ea andavam \u00e0 procura","og_description":"Possivelmente a melhor rela\u00e7\u00e3o qualidade\/pre\u00e7o atual: venda direta, fabrico espanhol, investimento na qualidade. N\u00e3o vendemos em lojas online nem a","og_url":"https:\/\/nfnatcane.es\/pt-pt\/o-que-o-seu-animal-de-estimacao-e-voce-andavam-a-procura\/","og_site_name":"NFNatcane | Alimentaci\u00f3n natural","og_image":[{"width":832,"height":832,"url":"https:\/\/nfnatcane.es\/wp-content\/uploads\/2025\/06\/Logo-nfnatcane.jpeg","type":"image\/jpeg"}],"twitter_card":"summary_large_image","twitter_misc":{"Tempo estimado de leitura":"1 minuto"},"schema":{"@context":"https:\/\/schema.org","@graph":[{"@type":"WebPage","@id":"https:\/\/nfnatcane.es\/pt-pt\/o-que-o-seu-animal-de-estimacao-e-voce-andavam-a-procura\/","url":"https:\/\/nfnatcane.es\/pt-pt\/o-que-o-seu-animal-de-estimacao-e-voce-andavam-a-procura\/","name":"O que o seu animal de estima\u00e7\u00e3o e voc\u00ea andavam \u00e0 procura","isPartOf":{"@id":"https:\/\/nfnatcane.es\/pt-pt\/#website"},"datePublished":"2026-02-17T08:59:46+00:00","inLanguage":"pt-PT","potentialAction":[{"@type":"ReadAction","target":["https:\/\/nfnatcane.es\/pt-pt\/o-que-o-seu-animal-de-estimacao-e-voce-andavam-a-procura\/"]}]},{"@type":"WebSite","@id":"https:\/\/nfnatcane.es\/pt-pt\/#website","url":"https:\/\/nfnatcane.es\/pt-pt\/","name":"NFNatcane | Alimentaci\u00f3n natural","description":"Pienso natural para perros y gatos con la mejor relaci\u00f3n calidad-precio. Alimentos s\u00faper premium elaborados con ingredientes de primera calidad.","potentialAction":[{"@type":"SearchAction","target":{"@type":"EntryPoint","urlTemplate":"https:\/\/nfnatcane.es\/pt-pt\/?s={search_term_string}"},"query-input":{"@type":"PropertyValueSpecification","valueRequired":true,"valueName":"search_term_string"}}],"inLanguage":"pt-PT"}]}},"_links":{"self":[{"href":"https:\/\/nfnatcane.es\/pt-pt\/wp-json\/wp\/v2\/pages\/14846","targetHints":{"allow":["GET"]}}],"collection":[{"href":"https:\/\/nfnatcane.es\/pt-pt\/wp-json\/wp\/v2\/pages"}],"about":[{"href":"https:\/\/nfnatcane.es\/pt-pt\/wp-json\/wp\/v2\/types\/page"}],"author":[{"embeddable":true,"href":"https:\/\/nfnatcane.es\/pt-pt\/wp-json\/wp\/v2\/users\/10"}],"replies":[{"embeddable":true,"href":"https:\/\/nfnatcane.es\/pt-pt\/wp-json\/wp\/v2\/comments?post=14846"}],"version-history":[{"count":0,"href":"https:\/\/nfnatcane.es\/pt-pt\/wp-json\/wp\/v2\/pages\/14846\/revisions"}],"wp:attachment":[{"href":"https:\/\/nfnatcane.es\/pt-pt\/wp-json\/wp\/v2\/media?parent=14846"}],"curies":[{"name":"wp","href":"https:\/\/api.w.org\/{rel}","templated":true}]}}