{"id":14791,"date":"2026-02-17T09:48:26","date_gmt":"2026-02-17T09:48:26","guid":{"rendered":"https:\/\/nfnatcane.es\/envios\/"},"modified":"2025-05-23T09:48:26","modified_gmt":"2025-05-23T09:48:26","slug":"envios","status":"publish","type":"page","link":"https:\/\/nfnatcane.es\/pt-pt\/envios\/","title":{"rendered":"Envios"},"content":{"rendered":"<p class=\"p1\"><strong><span class=\"s1\">OP\u00c7\u00d5ES DE ENVIO DISPON\u00cdVEIS DE AG\u00caNCIAS DE PAQUETES:<\/span><\/strong><\/p>\n<p><img class=\"lazyload\" decoding=\"async\" src=\"data:image\/svg+xml,%3Csvg%20xmlns%3D%27http%3A%2F%2Fwww.w3.org%2F2000%2Fsvg%27%20width%3D%27650%27%20height%3D%27124%27%20viewBox%3D%270%200%20650%20124%27%3E%3Crect%20width%3D%27650%27%20height%3D%27124%27%20fill-opacity%3D%220%22%2F%3E%3C%2Fsvg%3E\" data-orig-src=\"https:\/\/nfnatcane.es\/img\/cms\/FOTO%20ENV%C3%8DOS.jpg\" alt=\"\" width=\"650\" height=\"124\"><\/p>\n<p><img class=\"lazyload\" decoding=\"async\" src=\"data:image\/svg+xml,%3Csvg%20xmlns%3D%27http%3A%2F%2Fwww.w3.org%2F2000%2Fsvg%27%20width%3D%27656%27%20height%3D%27238%27%20viewBox%3D%270%200%20656%20238%27%3E%3Crect%20width%3D%27656%27%20height%3D%27238%27%20fill-opacity%3D%220%22%2F%3E%3C%2Fsvg%3E\" data-orig-src=\"https:\/\/nfnatcane.es\/img\/cms\/SERVICIOS%20DE%20ENTREGA%20ENERO%202025.jpg\" alt=\"\" width=\"656\" height=\"238\"><\/p>\n","protected":false},"excerpt":{"rendered":"<p>OP\u00c7\u00d5ES DE ENVIO DISPON\u00cdVEIS DE AG\u00caNCIAS DE PAQUETES:<\/p>\n","protected":false},"author":10,"featured_media":0,"parent":0,"menu_order":0,"comment_status":"closed","ping_status":"closed","template":"","meta":{"footnotes":""},"class_list":["post-14791","page","type-page","status-publish","hentry"],"yoast_head":"<!-- This site is optimized with the Yoast SEO plugin v27.3 - https:\/\/yoast.com\/product\/yoast-seo-wordpress\/ -->\n<title>Envios<\/title>\n<meta name=\"robots\" content=\"noindex, follow\" \/>\n<meta property=\"og:locale\" content=\"pt_PT\" \/>\n<meta property=\"og:type\" content=\"article\" \/>\n<meta property=\"og:title\" content=\"Envios\" \/>\n<meta property=\"og:description\" content=\"OP\u00c7\u00d5ES DE ENVIO DISPON\u00cdVEIS DE AG\u00caNCIAS DE PAQUETES:\" \/>\n<meta property=\"og:url\" content=\"https:\/\/nfnatcane.es\/pt-pt\/envios\/\" \/>\n<meta property=\"og:site_name\" content=\"NFNatcane | Alimentaci\u00f3n natural\" \/>\n<meta property=\"og:image\" content=\"https:\/\/nfnatcane.es\/img\/cms\/FOTO%20ENV%C3%8DOS.jpg\" \/>\n<meta name=\"twitter:card\" content=\"summary_large_image\" \/>\n<script type=\"application\/ld+json\" class=\"yoast-schema-graph\">{\"@context\":\"https:\\\/\\\/schema.org\",\"@graph\":[{\"@type\":\"WebPage\",\"@id\":\"https:\\\/\\\/nfnatcane.es\\\/pt-pt\\\/envios\\\/\",\"url\":\"https:\\\/\\\/nfnatcane.es\\\/pt-pt\\\/envios\\\/\",\"name\":\"Envios\",\"isPartOf\":{\"@id\":\"https:\\\/\\\/nfnatcane.es\\\/pt-pt\\\/#website\"},\"primaryImageOfPage\":{\"@id\":\"https:\\\/\\\/nfnatcane.es\\\/pt-pt\\\/envios\\\/#primaryimage\"},\"image\":{\"@id\":\"https:\\\/\\\/nfnatcane.es\\\/pt-pt\\\/envios\\\/#primaryimage\"},\"thumbnailUrl\":\"https:\\\/\\\/nfnatcane.es\\\/img\\\/cms\\\/FOTO%20ENV%C3%8DOS.jpg\",\"datePublished\":\"2026-02-17T09:48:26+00:00\",\"inLanguage\":\"pt-PT\",\"potentialAction\":[{\"@type\":\"ReadAction\",\"target\":[\"https:\\\/\\\/nfnatcane.es\\\/pt-pt\\\/envios\\\/\"]}]},{\"@type\":\"ImageObject\",\"inLanguage\":\"pt-PT\",\"@id\":\"https:\\\/\\\/nfnatcane.es\\\/pt-pt\\\/envios\\\/#primaryimage\",\"url\":\"https:\\\/\\\/nfnatcane.es\\\/img\\\/cms\\\/FOTO%20ENV%C3%8DOS.jpg\",\"contentUrl\":\"https:\\\/\\\/nfnatcane.es\\\/img\\\/cms\\\/FOTO%20ENV%C3%8DOS.jpg\"},{\"@type\":\"WebSite\",\"@id\":\"https:\\\/\\\/nfnatcane.es\\\/pt-pt\\\/#website\",\"url\":\"https:\\\/\\\/nfnatcane.es\\\/pt-pt\\\/\",\"name\":\"NFNatcane | Alimentaci\u00f3n natural\",\"description\":\"Pienso natural para perros y gatos con la mejor relaci\u00f3n calidad-precio. Alimentos s\u00faper premium elaborados con ingredientes de primera calidad.\",\"potentialAction\":[{\"@type\":\"SearchAction\",\"target\":{\"@type\":\"EntryPoint\",\"urlTemplate\":\"https:\\\/\\\/nfnatcane.es\\\/pt-pt\\\/?s={search_term_string}\"},\"query-input\":{\"@type\":\"PropertyValueSpecification\",\"valueRequired\":true,\"valueName\":\"search_term_string\"}}],\"inLanguage\":\"pt-PT\"}]}<\/script>\n<!-- \/ Yoast SEO plugin. -->","yoast_head_json":{"title":"Envios","robots":{"index":"noindex","follow":"follow"},"og_locale":"pt_PT","og_type":"article","og_title":"Envios","og_description":"OP\u00c7\u00d5ES DE ENVIO DISPON\u00cdVEIS DE AG\u00caNCIAS DE PAQUETES:","og_url":"https:\/\/nfnatcane.es\/pt-pt\/envios\/","og_site_name":"NFNatcane | Alimentaci\u00f3n natural","og_image":[{"url":"https:\/\/nfnatcane.es\/img\/cms\/FOTO%20ENV%C3%8DOS.jpg","type":"","width":"","height":""}],"twitter_card":"summary_large_image","schema":{"@context":"https:\/\/schema.org","@graph":[{"@type":"WebPage","@id":"https:\/\/nfnatcane.es\/pt-pt\/envios\/","url":"https:\/\/nfnatcane.es\/pt-pt\/envios\/","name":"Envios","isPartOf":{"@id":"https:\/\/nfnatcane.es\/pt-pt\/#website"},"primaryImageOfPage":{"@id":"https:\/\/nfnatcane.es\/pt-pt\/envios\/#primaryimage"},"image":{"@id":"https:\/\/nfnatcane.es\/pt-pt\/envios\/#primaryimage"},"thumbnailUrl":"https:\/\/nfnatcane.es\/img\/cms\/FOTO%20ENV%C3%8DOS.jpg","datePublished":"2026-02-17T09:48:26+00:00","inLanguage":"pt-PT","potentialAction":[{"@type":"ReadAction","target":["https:\/\/nfnatcane.es\/pt-pt\/envios\/"]}]},{"@type":"ImageObject","inLanguage":"pt-PT","@id":"https:\/\/nfnatcane.es\/pt-pt\/envios\/#primaryimage","url":"https:\/\/nfnatcane.es\/img\/cms\/FOTO%20ENV%C3%8DOS.jpg","contentUrl":"https:\/\/nfnatcane.es\/img\/cms\/FOTO%20ENV%C3%8DOS.jpg"},{"@type":"WebSite","@id":"https:\/\/nfnatcane.es\/pt-pt\/#website","url":"https:\/\/nfnatcane.es\/pt-pt\/","name":"NFNatcane | Alimentaci\u00f3n natural","description":"Pienso natural para perros y gatos con la mejor relaci\u00f3n calidad-precio. Alimentos s\u00faper premium elaborados con ingredientes de primera calidad.","potentialAction":[{"@type":"SearchAction","target":{"@type":"EntryPoint","urlTemplate":"https:\/\/nfnatcane.es\/pt-pt\/?s={search_term_string}"},"query-input":{"@type":"PropertyValueSpecification","valueRequired":true,"valueName":"search_term_string"}}],"inLanguage":"pt-PT"}]}},"_links":{"self":[{"href":"https:\/\/nfnatcane.es\/pt-pt\/wp-json\/wp\/v2\/pages\/14791","targetHints":{"allow":["GET"]}}],"collection":[{"href":"https:\/\/nfnatcane.es\/pt-pt\/wp-json\/wp\/v2\/pages"}],"about":[{"href":"https:\/\/nfnatcane.es\/pt-pt\/wp-json\/wp\/v2\/types\/page"}],"author":[{"embeddable":true,"href":"https:\/\/nfnatcane.es\/pt-pt\/wp-json\/wp\/v2\/users\/10"}],"replies":[{"embeddable":true,"href":"https:\/\/nfnatcane.es\/pt-pt\/wp-json\/wp\/v2\/comments?post=14791"}],"version-history":[{"count":0,"href":"https:\/\/nfnatcane.es\/pt-pt\/wp-json\/wp\/v2\/pages\/14791\/revisions"}],"wp:attachment":[{"href":"https:\/\/nfnatcane.es\/pt-pt\/wp-json\/wp\/v2\/media?parent=14791"}],"curies":[{"name":"wp","href":"https:\/\/api.w.org\/{rel}","templated":true}]}}