{"id":14788,"date":"2026-02-20T05:10:51","date_gmt":"2026-02-20T05:10:51","guid":{"rendered":"https:\/\/nfnatcane.es\/politica-de-privacidade\/"},"modified":"2025-03-21T11:10:51","modified_gmt":"2025-03-21T11:10:51","slug":"politica-de-privacidade","status":"publish","type":"page","link":"https:\/\/nfnatcane.es\/pt-pt\/politica-de-privacidade\/","title":{"rendered":"Pol\u00edtica de privacidade"},"content":{"rendered":"<p><strong>POL\u00cdTICA DE PRIVACIDADE<\/strong><\/p>\n<p class=\"c1\"><span class=\"c5\">1. DADOS DO RESPONS\u00c1VEL PELO TRATAMENTO DOS DADOS.<\/span><\/p>\n<p class=\"c1\">Nome da entidade: NUTRICI\u00d3N Y FORMACI\u00d3N CANINA, S.L (doravante, NFNATCANE)<\/p>\n<p class=\"c1\">Morada: Calle M\u00e1laga 3 (Pol\u00edgono San Antol\u00edn) 34004 Palencia Espanha<\/p>\n<p class=\"c1\">Correio eletr\u00f3nico: nfatcane@nfnatcane.es.<\/p>\n<p class=\"c1\"><span class=\"c5\">2. TRATAMENTOS DE DADOS RECOLHIDOS ATRAV\u00c9S DA P\u00c1GINA WEB.<\/span><\/p>\n<p class=\"c1\">Os dados que a NFNATCANE possa recolher pela utiliza\u00e7\u00e3o, navega\u00e7\u00e3o na p\u00e1gina web, atrav\u00e9s dos nossos formul\u00e1rios, via email ou por motivo da rela\u00e7\u00e3o contratual que o une \u00e0 NFNATCANE s\u00e3o dados de car\u00e1ter pessoal. Em algumas ocasi\u00f5es, informamos que, pela simples utiliza\u00e7\u00e3o e navega\u00e7\u00e3o na nossa p\u00e1gina web, a NFNATCANE armazenar\u00e1 dados relativos a: <\/p>\n<ul>\n<li>Endere\u00e7o IP<\/li>\n<li>Vers\u00e3o do navegador<\/li>\n<li>Sistema operativo<\/li>\n<li>Dura\u00e7\u00e3o da visita ou navega\u00e7\u00e3o pela p\u00e1gina web<\/li>\n<\/ul>\n<p class=\"c1\">Tal informa\u00e7\u00e3o pode ser armazenada atrav\u00e9s do Google Analytics, pelo que nos remetemos \u00e0 Pol\u00edtica de Privacidade do Google, j\u00e1 que este recolhe e trata tal informa\u00e7\u00e3o. <\/p>\n<p class=\"c1\">Do mesmo modo, na p\u00e1gina web \u00e9 facilitada a utilidade do Google Maps, a qual pode ter acesso \u00e0 sua localiza\u00e7\u00e3o, no caso de que o permita, com o fim de lhe facilitar uma maior especificidade sobre a dist\u00e2ncia e\/ou caminhos das nossas sedes. A este respeito, remetemo-nos \u00e0 Pol\u00edtica de Privacidade utilizada pelo Google Maps, com o fim de conhecer a utiliza\u00e7\u00e3o e tratamento de tais dados.  <\/p>\n<p class=\"c1\">A NFNATCANE reserva-se o direito de modificar ou adaptar a presente Pol\u00edtica de Privacidade em qualquer momento. Portanto, recomendamos que a revise cada vez que aceda \u00e0 p\u00e1gina web.  <\/p>\n<p class=\"c1\">1. Formul\u00e1rios de contacto. <\/p>\n<p class=\"c1\">a. Finalidade. <\/p>\n<ul>\n<li>Dar resposta \u00e0 sua solicita\u00e7\u00e3o de informa\u00e7\u00e3o realizada atrav\u00e9s do nosso formul\u00e1rio de contacto<\/li>\n<li>Enviar-lhe comunica\u00e7\u00f5es e informa\u00e7\u00f5es da NFNATCANE por distintos meios, incluindo os eletr\u00f3nicos, se assinalar a casa destinada ao efeito.<\/li>\n<\/ul>\n<p class=\"c1\">b. Legitimidade. O consentimento do interessado.   <\/p>\n<p class=\"c1\">c. Destinat\u00e1rios. Os destinat\u00e1rios dos seus dados ser\u00e3o as distintas \u00e1reas da nossa entidade, assim como os terceiros a quem cedamos os seus dados, quando seja l\u00edcito conforme o disposto na normativa vigente em mat\u00e9ria de prote\u00e7\u00e3o de dados.  <\/p>\n<p class=\"c1\">2. Informa\u00e7\u00e3o facilitada atrav\u00e9s dos correios eletr\u00f3nicos postos \u00e0 disposi\u00e7\u00e3o na web.<\/p>\n<p class=\"c1\">a. Finalidade. Dar-lhe resposta \u00e0 sua solicita\u00e7\u00e3o de informa\u00e7\u00e3o. <\/p>\n<p class=\"c1\">b. Legitimidade. O consentimento outorgado por si no momento em que nos envia a solicita\u00e7\u00e3o via email.  <\/p>\n<p class=\"c1\">c. Destinat\u00e1rios Os destinat\u00e1rios dos seus dados ser\u00e3o as distintas \u00e1reas da nossa entidade, assim como os terceiros a quem cedamos os seus dados, quando seja l\u00edcito conforme o disposto na normativa vigente em mat\u00e9ria de prote\u00e7\u00e3o de dados. <\/p>\n<p class=\"c1\">3. Candidaturas espont\u00e2neas. <\/p>\n<p class=\"c1\">a. Finalidade. Torn\u00e1-lo participante dos processos de sele\u00e7\u00e3o de pessoal que se realizem pela NFNATCANE. <\/p>\n<p class=\"c1\">b. Legitimidade. O consentimento outorgado pelo interessado que nos confere em virtude da sua candidatura espont\u00e2nea.  <\/p>\n<p class=\"c1\">c. Destinat\u00e1rios. Os destinat\u00e1rios dos seus dados ser\u00e3o as distintas \u00e1reas da nossa entidade, assim como os terceiros a quem cedamos os seus dados, quando seja l\u00edcito conforme o disposto na normativa vigente em mat\u00e9ria de prote\u00e7\u00e3o de dados.  <\/p>\n<p>  3. OUTROS TRATAMENTOS DE DADOS.<\/p>\n<p class=\"c1\">1. Exclusivo para contactos profissionais.<\/p>\n<p class=\"c1\">a. Finalidade. Na NFNATCANE tratamos os seus dados pessoais com a finalidade de manter a rela\u00e7\u00e3o profissional que entre ambos temos.  <\/p>\n<p class=\"c1\">b. Legitimidade. O interesse leg\u00edtimo perseguido pelo respons\u00e1vel pelo tratamento, para manter rela\u00e7\u00f5es de qualquer \u00edndole com a pessoa jur\u00eddica na que o afetado preste os seus servi\u00e7os, sempre que n\u00e3o prevale\u00e7am o interesse ou os direitos e liberdades fundamentais do interessado.  <\/p>\n<p class=\"c1\">c. Destinat\u00e1rios. Os destinat\u00e1rios dos seus dados ser\u00e3o as distintas \u00e1reas da nossa entidade, assim como os terceiros a quem cedamos os seus dados, quando seja l\u00edcito conforme o disposto na normativa vigente em mat\u00e9ria de prote\u00e7\u00e3o de dados.  <\/p>\n<p class=\"c1\">2. Exclusivo para contactos atrav\u00e9s de redes sociais<\/p>\n<p class=\"c1\">a. Finalidade. Na NFNATCANE tratamos os seus dados pessoais com as seguintes finalidades: <\/p>\n<ul>\n<li>Contestar a consultas, solicita\u00e7\u00f5es ou peti\u00e7\u00f5es.<\/li>\n<li>Gerir o servi\u00e7o solicitado, contestar \u00e0 solicita\u00e7\u00e3o, ou tramitar uma peti\u00e7\u00e3o.<\/li>\n<li>Estabelecer uma rela\u00e7\u00e3o utilizador-respons\u00e1vel, e criar uma comunidade de seguidores.<\/li>\n<\/ul>\n<p class=\"c1\">b. Legitimidade. O interesse leg\u00edtimo do respons\u00e1vel pelo tratamento, assim como a aceita\u00e7\u00e3o de uma rela\u00e7\u00e3o contratual no entorno da rede social que corresponda.   <\/p>\n<p class=\"c1\">c. Destinat\u00e1rios. Os destinat\u00e1rios dos seus dados ser\u00e3o as distintas \u00e1reas da nossa entidade, assim como os terceiros a quem cedamos os seus dados, quando seja l\u00edcito conforme o disposto na normativa vigente em mat\u00e9ria de prote\u00e7\u00e3o de dados. N\u00e3o obstante, recomendamos a revis\u00e3o da pol\u00edtica de privacidade das redes sociais que principalmente utilizamos j\u00e1 que as redes sociais, ao serem norte-americanas, podem transferir dados aos Estados Unidos.    <\/p>\n<p class=\"c1\">3. Exclusivo para clientes.<\/p>\n<p class=\"c1\">a. Finalidade. <\/p>\n<ul>\n<li>Faturas, guias de remessa, or\u00e7amentos e contratos. Na NFNATCANE tratamos os seus dados pessoais com a finalidade de gerir os servi\u00e7os derivados da rela\u00e7\u00e3o contratual, assim como os compromissos derivados do contrato. <\/li>\n<li>Publicidade. Na NFNATCANE tratamos os seus dados com a finalidade de lhe oferecer os nossos produtos e servi\u00e7os\/cursos, atividades e workshops\/a nossa atividade. <\/li>\n<\/ul>\n<p class=\"c1\">b. Legitimidade. <\/p>\n<ul>\n<li>Faturas, guias de remessa, or\u00e7amentos e contratos. A legitimidade para o tratamento dos seus dados \u00e9 a execu\u00e7\u00e3o de um contrato de presta\u00e7\u00e3o de servi\u00e7os e em cumprimento das seguintes obriga\u00e7\u00f5es legais que nos apliquem: <\/li>\n<li> <\/li>\n<li>Os prazos de conserva\u00e7\u00e3o dos seus dados uma vez finalizada a rela\u00e7\u00e3o contratual baseia-se no cumprimento do estabelecido no C\u00f3digo do Com\u00e9rcio.<\/li>\n<li>A comunica\u00e7\u00e3o dos seus dados quando assim o solicite a Inspe\u00e7\u00e3o da Fazenda est\u00e1 amparada pela Lei 58\/2003, de 17 de Dezembro, Geral Tribut\u00e1ria.<\/li>\n<\/ul>\n<ul>\n<li>Publicidade A legitimidade para o tratamento dos seus dados \u00e9 o consentimento do interessado.<\/li>\n<\/ul>\n<p class=\"c1\">c. Destinat\u00e1rios. <\/p>\n<ul>\n<li>Faturas, guias de remessa, or\u00e7amentos e contratos. Com car\u00e1ter geral, Os destinat\u00e1rios dos seus dados ser\u00e3o as distintas \u00e1reas da nossa entidade, assim como os terceiros a quem cedamos os seus dados, quando seja l\u00edcito conforme o disposto na normativa vigente em mat\u00e9ria de prote\u00e7\u00e3o de dados. Naqueles casos em que seja necess\u00e1rio, os dados de clientes poder\u00e3o ser cedidos aos seguintes organismos, em cumprimento de uma obriga\u00e7\u00e3o legal:  <\/li>\n<li>Poder\u00e3o ser cedidos \u00e0 Ag\u00eancia Tribut\u00e1ria Espanhola aqueles dados necess\u00e1rios para o cumprimento da obriga\u00e7\u00e3o legal.<\/li>\n<li>\u00c0s entidades banc\u00e1rias que correspondam, para estar a par de pagamentos.<\/li>\n<li>No caso de que nos seja solicitado, os seus dados ser\u00e3o cedidos \u00e0 Inspe\u00e7\u00e3o do Trabalho.<\/li>\n<li>Publicidade. Os destinat\u00e1rios dos seus dados ser\u00e3o as distintas \u00e1reas da nossa entidade, assim como os terceiros a quem cedamos os seus dados, quando seja l\u00edcito conforme o disposto na normativa vigente em mat\u00e9ria de prote\u00e7\u00e3o de dados. <\/li>\n<\/ul>\n<p class=\"c1\">4. Exclusivo Tratamento de imagens de c\u00e2maras de videovigil\u00e2ncia.<\/p>\n<p class=\"c1\">a. Finalidade. As nossas instala\u00e7\u00f5es est\u00e3o dotadas de sistemas de videovigil\u00e2ncia permanentes por raz\u00f5es de seguran\u00e7a. <\/p>\n<p class=\"c1\">b. Legitimidade. O interesse leg\u00edtimo perseguido \u00e9 o interesse leg\u00edtimo perseguido pelo NFNATCANE, para a seguran\u00e7a das suas instala\u00e7\u00f5es, sempre que n\u00e3o prevale\u00e7a o interesse ou os direitos e liberdades fundamentais do interessado.   <\/p>\n<p class=\"c1\">c. Destinat\u00e1rios. Os destinat\u00e1rios dos seus dados ser\u00e3o as distintas \u00e1reas da nossa entidade, assim como os terceiros a quem cedamos os seus dados, quando seja l\u00edcito conforme o disposto na normativa vigente em mat\u00e9ria de prote\u00e7\u00e3o de dados.  <\/p>\n<p class=\"c1\"><span class=\"c5\">4. PRAZOS DE CONSERVA\u00c7\u00c3O.<\/span><\/p>\n<table>\n<tbody>\n<tr>\n<td style=\"text-align: center;\" colspan=\"3\">TRATAMENTO DE DADOS RECOLHIDOS ATRAV\u00c9S DA P\u00c1GINA WEB<\/td>\n<\/tr>\n<tr>\n<td rowspan=\"2\">Formul\u00e1rios de contacto <\/p>\n<\/td>\n<td>Aceita receber publicidade<\/td>\n<td>Os seus dados de car\u00e1ter pessoal ser\u00e3o tratados at\u00e9 que se revogue o consentimento outorgado ao efeito.<\/td>\n<\/tr>\n<tr>\n<td>N\u00e3o aceita receber publicidade<\/td>\n<td>Os seus dados de car\u00e1ter pessoal ser\u00e3o tratados durante o tempo estritamente necess\u00e1rio para atender \u00e0 sua solicita\u00e7\u00e3o.<\/td>\n<\/tr>\n<tr>\n<td>Informa\u00e7\u00e3o facilitada atrav\u00e9s dos correios eletr\u00f3nicos postos \u00e0 disposi\u00e7\u00e3o na web<\/td>\n<td colspan=\"2\">Uma vez que tenhamos dado resposta \u00e0 sua solicita\u00e7\u00e3o de informa\u00e7\u00e3o os dados ser\u00e3o guardados um m\u00e1ximo de 6 meses como prova ante poss\u00edvel ulteriores reclama\u00e7\u00f5es.<\/p>\n<\/td>\n<\/tr>\n<tr>\n<td>Candidaturas espont\u00e2neas<\/td>\n<td colspan=\"2\">Em virtude da pol\u00edtica de conserva\u00e7\u00e3o de NFNATCANE, os seus dados de car\u00e1ter pessoal ser\u00e3o conservados durante o prazo m\u00e1ximo de UM ANO desde a rece\u00e7\u00e3o do curr\u00edculo vitae.<\/td>\n<\/tr>\n<\/tbody>\n<\/table>\n<table>\n<tbody>\n<tr>\n<td style=\"text-align: center;\" colspan=\"3\">OUTROS TRATAMENTOS DE DADOS<\/td>\n<\/tr>\n<tr>\n<td>Exclusivo para contactos profissionais<\/p>\n<\/td>\n<td colspan=\"2\">At\u00e9 que finalizem as nossas rela\u00e7\u00f5es profissionais ou decida cancelar ou opor-se ao tratamento dos seus dados de contacto.<\/td>\n<\/tr>\n<tr>\n<td>Exclusivo para contactos atrav\u00e9s de redes sociais<\/td>\n<td colspan=\"2\">Os seus dados de car\u00e1ter pessoal ser\u00e3o conservados durante o tempo necess\u00e1rio para cumprir com a finalidade para a que se recolheram.<\/td>\n<\/tr>\n<tr>\n<td rowspan=\"2\">Exclusivo para clientes<\/td>\n<td>Faturas, guias de remessa, or\u00e7amentos e contratos<\/p>\n<\/td>\n<td>Os seus dados de car\u00e1ter pessoal ser\u00e3o tratados at\u00e9 que finalize a rela\u00e7\u00e3o contratual. Uma vez finalizada a mesma, e para efeitos mercantis, os seus dados ser\u00e3o conservados por um per\u00edodo de 6 anos em cumprimento do indicado no C\u00f3digo do com\u00e9rcio. Para efeitos fiscais, os seus dados ser\u00e3o conservados por um per\u00edodo de 4 anos em cumprimento do indicado na Lei Geral Tribut\u00e1ria.  <\/td>\n<\/tr>\n<tr>\n<td>Publicidade.<\/td>\n<td>Os seus dados de car\u00e1ter pessoal ser\u00e3o tratados at\u00e9 que se revogue o consentimento outorgado ao efeito.<\/td>\n<\/tr>\n<tr>\n<td>Exclusivo Sistemas de videovigil\u00e2ncia<\/td>\n<td colspan=\"2\">As grava\u00e7\u00f5es ser\u00e3o conservadas durante o prazo de UM M\u00caS desde a sua capta\u00e7\u00e3o de acordo com o artigo 22 da Lei Org\u00e2nica 3\/2018, de 5 de dezembro, de Prote\u00e7\u00e3o de Dados Pessoais e garantia dos direitos digitais.<\/td>\n<\/tr>\n<\/tbody>\n<\/table>\n<p class=\"c1\"><span class=\"c5\">5. TRANSFER\u00caNCIAS INTERNACIONAIS.<\/span><\/p>\n<p class=\"c1\">A NFNATCANE n\u00e3o tem previsto realizar transfer\u00eancias internacionais de dados, \u00e9 caso de serem necess\u00e1rias, s\u00f3 se realizar\u00e3o a entidades sob a habilita\u00e7\u00e3o do acordo EUA-Uni\u00e3o Europeia Privacy Shield (mais informa\u00e7\u00e3o: <a href=\"https:\/\/www.privacyshield.gov\/welcome\">https:\/\/www.privacyshield.gov\/welcome<\/a>), a entidades que tenham demonstrado que cumprem com o n\u00edvel de prote\u00e7\u00e3o e garantias de acordo com os par\u00e2metros e exig\u00eancias previstas na normativa vigente em mat\u00e9ria de prote\u00e7\u00e3o de dados, como o Regulamento Europeu, ou quando exista uma habilita\u00e7\u00e3o legal para realizar a transfer\u00eancia internacional.<\/p>\n<p class=\"c1\"><span class=\"c5\">6. <\/span>QUAIS S\u00c3O OS SEUS DIREITOS EM RELA\u00c7\u00c3O COM O TRATAMENTO DE DADOS?<\/p>\n<p class=\"c1\">Voc\u00ea como titular de dados tem direito a obter confirma\u00e7\u00e3o sobre a exist\u00eancia de um tratamento dos seus dados, a aceder aos seus dados pessoais, solicitar a retifica\u00e7\u00e3o dos dados que sejam inexatos ou, no seu caso, solicitar a supress\u00e3o, quando entre outros motivos, os dados j\u00e1 n\u00e3o sejam necess\u00e1rios para os fins para os que foram recolhidos ou voc\u00ea como interessado retire o consentimento outorgado. A NFNATCANE tratar\u00e1 e conservar\u00e1 os seus dados de acordo com a normativa vigente, sem preju\u00edzo de que como interessado possa solicitar em todo o caso, a limita\u00e7\u00e3o do tratamento dos seus dados. Em certos supostos poder\u00e1 exercitar o seu direito \u00e0 portabilidade dos dados, que ser\u00e3o entregues num formato estruturado, de uso comum ou leitura mec\u00e2nica a voc\u00ea ou ao novo respons\u00e1vel de tratamento que designe. Ter\u00e1 direito a revogar em qualquer momento o consentimento para qualquer dos tratamentos para os que o outorgou. Para exercitar os seus direitos comunique-se connosco atrav\u00e9s da dire\u00e7\u00e3o de correio eletr\u00f3nico nfatcane@nfnatcane.es. Dispomos de formul\u00e1rios para o exerc\u00edcio de todos os direitos anteriormente indicados, n\u00e3o obstante, tamb\u00e9m pode utilizar os elaborados pela Ag\u00eancia Espanhola de Prote\u00e7\u00e3o de Dados. Ter\u00e1 direito a apresentar uma reclama\u00e7\u00e3o ante a Ag\u00eancia Espanhola de Prote\u00e7\u00e3o de Dados no caso de que considere que n\u00e3o se atendeu convenientemente o exerc\u00edcio dos seus direitos. O prazo m\u00e1ximo para resolver ser\u00e1 o de um m\u00eas a contar desde a rece\u00e7\u00e3o da sua solicita\u00e7\u00e3o. No caso de produzir-se alguma modifica\u00e7\u00e3o dos seus dados, agradecemos que nos o comunique devidamente por escrito com a finalidade de manter os seus dados atualizados.        <\/p>\n","protected":false},"excerpt":{"rendered":"<p>POL\u00cdTICA DE PRIVACIDADE 1. DADOS DO RESPONS\u00c1VEL PELO TRATAMENTO DOS DADOS. Nome da entidade: NUTRICI\u00d3N Y FORMACI\u00d3N CANINA, S.L (doravante,<\/p>\n","protected":false},"author":10,"featured_media":0,"parent":0,"menu_order":0,"comment_status":"closed","ping_status":"open","template":"","meta":{"footnotes":""},"class_list":["post-14788","page","type-page","status-publish","hentry"],"yoast_head":"<!-- This site is optimized with the Yoast SEO plugin v27.3 - https:\/\/yoast.com\/product\/yoast-seo-wordpress\/ -->\n<title>Pol\u00edtica de privacidade<\/title>\n<meta name=\"robots\" content=\"noindex, follow\" \/>\n<meta property=\"og:locale\" content=\"pt_PT\" \/>\n<meta property=\"og:type\" content=\"article\" \/>\n<meta property=\"og:title\" content=\"Pol\u00edtica de privacidade\" \/>\n<meta property=\"og:description\" content=\"POL\u00cdTICA DE PRIVACIDADE 1. DADOS DO RESPONS\u00c1VEL PELO TRATAMENTO DOS DADOS. Nome da entidade: NUTRICI\u00d3N Y FORMACI\u00d3N CANINA, S.L (doravante,\" \/>\n<meta property=\"og:url\" content=\"https:\/\/nfnatcane.es\/pt-pt\/politica-de-privacidade\/\" \/>\n<meta property=\"og:site_name\" content=\"NFNatcane | Alimentaci\u00f3n natural\" \/>\n<meta property=\"og:image\" content=\"https:\/\/nfnatcane.es\/wp-content\/uploads\/2025\/06\/Logo-nfnatcane.jpeg\" \/>\n\t<meta property=\"og:image:width\" content=\"832\" \/>\n\t<meta property=\"og:image:height\" content=\"832\" \/>\n\t<meta property=\"og:image:type\" content=\"image\/jpeg\" \/>\n<meta name=\"twitter:card\" content=\"summary_large_image\" \/>\n<meta name=\"twitter:label1\" content=\"Tempo estimado de leitura\" \/>\n\t<meta name=\"twitter:data1\" content=\"10 minutos\" \/>\n<script type=\"application\/ld+json\" class=\"yoast-schema-graph\">{\"@context\":\"https:\\\/\\\/schema.org\",\"@graph\":[{\"@type\":\"WebPage\",\"@id\":\"https:\\\/\\\/nfnatcane.es\\\/pt-pt\\\/politica-de-privacidade\\\/\",\"url\":\"https:\\\/\\\/nfnatcane.es\\\/pt-pt\\\/politica-de-privacidade\\\/\",\"name\":\"Pol\u00edtica de privacidade\",\"isPartOf\":{\"@id\":\"https:\\\/\\\/nfnatcane.es\\\/pt-pt\\\/#website\"},\"datePublished\":\"2026-02-20T05:10:51+00:00\",\"inLanguage\":\"pt-PT\",\"potentialAction\":[{\"@type\":\"ReadAction\",\"target\":[\"https:\\\/\\\/nfnatcane.es\\\/pt-pt\\\/politica-de-privacidade\\\/\"]}]},{\"@type\":\"WebSite\",\"@id\":\"https:\\\/\\\/nfnatcane.es\\\/pt-pt\\\/#website\",\"url\":\"https:\\\/\\\/nfnatcane.es\\\/pt-pt\\\/\",\"name\":\"NFNatcane | Alimentaci\u00f3n natural\",\"description\":\"Pienso natural para perros y gatos con la mejor relaci\u00f3n calidad-precio. Alimentos s\u00faper premium elaborados con ingredientes de primera calidad.\",\"potentialAction\":[{\"@type\":\"SearchAction\",\"target\":{\"@type\":\"EntryPoint\",\"urlTemplate\":\"https:\\\/\\\/nfnatcane.es\\\/pt-pt\\\/?s={search_term_string}\"},\"query-input\":{\"@type\":\"PropertyValueSpecification\",\"valueRequired\":true,\"valueName\":\"search_term_string\"}}],\"inLanguage\":\"pt-PT\"}]}<\/script>\n<!-- \/ Yoast SEO plugin. -->","yoast_head_json":{"title":"Pol\u00edtica de privacidade","robots":{"index":"noindex","follow":"follow"},"og_locale":"pt_PT","og_type":"article","og_title":"Pol\u00edtica de privacidade","og_description":"POL\u00cdTICA DE PRIVACIDADE 1. DADOS DO RESPONS\u00c1VEL PELO TRATAMENTO DOS DADOS. Nome da entidade: NUTRICI\u00d3N Y FORMACI\u00d3N CANINA, S.L (doravante,","og_url":"https:\/\/nfnatcane.es\/pt-pt\/politica-de-privacidade\/","og_site_name":"NFNatcane | Alimentaci\u00f3n natural","og_image":[{"width":832,"height":832,"url":"https:\/\/nfnatcane.es\/wp-content\/uploads\/2025\/06\/Logo-nfnatcane.jpeg","type":"image\/jpeg"}],"twitter_card":"summary_large_image","twitter_misc":{"Tempo estimado de leitura":"10 minutos"},"schema":{"@context":"https:\/\/schema.org","@graph":[{"@type":"WebPage","@id":"https:\/\/nfnatcane.es\/pt-pt\/politica-de-privacidade\/","url":"https:\/\/nfnatcane.es\/pt-pt\/politica-de-privacidade\/","name":"Pol\u00edtica de privacidade","isPartOf":{"@id":"https:\/\/nfnatcane.es\/pt-pt\/#website"},"datePublished":"2026-02-20T05:10:51+00:00","inLanguage":"pt-PT","potentialAction":[{"@type":"ReadAction","target":["https:\/\/nfnatcane.es\/pt-pt\/politica-de-privacidade\/"]}]},{"@type":"WebSite","@id":"https:\/\/nfnatcane.es\/pt-pt\/#website","url":"https:\/\/nfnatcane.es\/pt-pt\/","name":"NFNatcane | Alimentaci\u00f3n natural","description":"Pienso natural para perros y gatos con la mejor relaci\u00f3n calidad-precio. Alimentos s\u00faper premium elaborados con ingredientes de primera calidad.","potentialAction":[{"@type":"SearchAction","target":{"@type":"EntryPoint","urlTemplate":"https:\/\/nfnatcane.es\/pt-pt\/?s={search_term_string}"},"query-input":{"@type":"PropertyValueSpecification","valueRequired":true,"valueName":"search_term_string"}}],"inLanguage":"pt-PT"}]}},"_links":{"self":[{"href":"https:\/\/nfnatcane.es\/pt-pt\/wp-json\/wp\/v2\/pages\/14788","targetHints":{"allow":["GET"]}}],"collection":[{"href":"https:\/\/nfnatcane.es\/pt-pt\/wp-json\/wp\/v2\/pages"}],"about":[{"href":"https:\/\/nfnatcane.es\/pt-pt\/wp-json\/wp\/v2\/types\/page"}],"author":[{"embeddable":true,"href":"https:\/\/nfnatcane.es\/pt-pt\/wp-json\/wp\/v2\/users\/10"}],"replies":[{"embeddable":true,"href":"https:\/\/nfnatcane.es\/pt-pt\/wp-json\/wp\/v2\/comments?post=14788"}],"version-history":[{"count":0,"href":"https:\/\/nfnatcane.es\/pt-pt\/wp-json\/wp\/v2\/pages\/14788\/revisions"}],"wp:attachment":[{"href":"https:\/\/nfnatcane.es\/pt-pt\/wp-json\/wp\/v2\/media?parent=14788"}],"curies":[{"name":"wp","href":"https:\/\/api.w.org\/{rel}","templated":true}]}}