{"id":14853,"date":"2026-02-17T08:39:06","date_gmt":"2026-02-17T08:39:06","guid":{"rendered":"https:\/\/nfnatcane.es\/professionals\/"},"modified":"2025-08-01T09:37:31","modified_gmt":"2025-08-01T09:37:31","slug":"professionals","status":"publish","type":"page","link":"https:\/\/nfnatcane.es\/en\/professionals\/","title":{"rendered":"Professionals"},"content":{"rendered":"<div class=\"fusion-fullwidth fullwidth-box fusion-builder-row-1 fusion-flex-container has-pattern-background has-mask-background nonhundred-percent-fullwidth non-hundred-percent-height-scrolling\" style=\"--awb-border-radius-top-left:0px;--awb-border-radius-top-right:0px;--awb-border-radius-bottom-right:0px;--awb-border-radius-bottom-left:0px;--awb-flex-wrap:wrap;\" ><div class=\"fusion-builder-row fusion-row fusion-flex-align-items-flex-start fusion-flex-content-wrap\" style=\"max-width:1216.8px;margin-left: calc(-4% \/ 2 );margin-right: calc(-4% \/ 2 );\"><div class=\"fusion-layout-column fusion_builder_column fusion-builder-column-0 fusion_builder_column_1_1 1_1 fusion-flex-column\" style=\"--awb-bg-size:cover;--awb-width-large:100%;--awb-margin-top-large:0px;--awb-spacing-right-large:1.92%;--awb-margin-bottom-large:0px;--awb-spacing-left-large:1.92%;--awb-width-medium:100%;--awb-order-medium:0;--awb-spacing-right-medium:1.92%;--awb-spacing-left-medium:1.92%;--awb-width-small:100%;--awb-order-small:0;--awb-spacing-right-small:1.92%;--awb-spacing-left-small:1.92%;\"><div class=\"fusion-column-wrapper fusion-column-has-shadow fusion-flex-justify-content-flex-start fusion-content-layout-column\"><div class=\"fusion-image-element \" style=\"text-align:center;--awb-caption-title-font-family:var(--h2_typography-font-family);--awb-caption-title-font-weight:var(--h2_typography-font-weight);--awb-caption-title-font-style:var(--h2_typography-font-style);--awb-caption-title-size:var(--h2_typography-font-size);--awb-caption-title-transform:var(--h2_typography-text-transform);--awb-caption-title-line-height:var(--h2_typography-line-height);--awb-caption-title-letter-spacing:var(--h2_typography-letter-spacing);\"><span class=\" fusion-imageframe imageframe-none imageframe-1 hover-type-none\"><img decoding=\"async\" width=\"765\" height=\"536\" title=\"Foto profesionales\" src=\"https:\/\/nfnatcane.es\/wp-content\/uploads\/2025\/06\/Foro-profesionales.png\" data-orig-src=\"https:\/\/nfnatcane.es\/wp-content\/uploads\/2025\/06\/Foro-profesionales.png\" alt class=\"lazyload img-responsive wp-image-13403\" srcset=\"data:image\/svg+xml,%3Csvg%20xmlns%3D%27http%3A%2F%2Fwww.w3.org%2F2000%2Fsvg%27%20width%3D%27765%27%20height%3D%27536%27%20viewBox%3D%270%200%20765%20536%27%3E%3Crect%20width%3D%27765%27%20height%3D%27536%27%20fill-opacity%3D%220%22%2F%3E%3C%2Fsvg%3E\" data-srcset=\"https:\/\/nfnatcane.es\/wp-content\/uploads\/2025\/06\/Foro-profesionales-200x140.png 200w, https:\/\/nfnatcane.es\/wp-content\/uploads\/2025\/06\/Foro-profesionales-400x280.png 400w, https:\/\/nfnatcane.es\/wp-content\/uploads\/2025\/06\/Foro-profesionales-600x420.png 600w, https:\/\/nfnatcane.es\/wp-content\/uploads\/2025\/06\/Foro-profesionales.png 765w\" data-sizes=\"auto\" data-orig-sizes=\"(max-width: 1024px) 100vw, (max-width: 640px) 100vw, 765px\" \/><\/span><\/div><div class=\"fusion-title title fusion-title-1 fusion-title-center fusion-title-text fusion-title-size-two\" style=\"--awb-margin-top:15px;--awb-margin-top-small:0px;--awb-margin-bottom-small:20px;\"><div class=\"title-sep-container title-sep-container-left\"><div class=\"title-sep sep- sep-solid\" style=\"border-color:var(--awb-color3);\"><\/div><\/div><span class=\"awb-title-spacer\"><\/span><h2 class=\"fusion-title-heading title-heading-center fusion-responsive-typography-calculated\" style=\"font-family:&quot;Roboto&quot;;font-style:normal;font-weight:500;margin:0;text-transform:capitalize;--fontSize:42;line-height:var(--awb-typography1-line-height);\"><p style=\"text-align: center;\">PROMOTIONS FOR PROFESSIONALS<\/p><\/h2><span class=\"awb-title-spacer\"><\/span><div class=\"title-sep-container title-sep-container-right\"><div class=\"title-sep sep- sep-solid\" style=\"border-color:var(--awb-color3);\"><\/div><\/div><\/div><div class=\"fusion-text fusion-text-1\" style=\"--awb-font-size:17px;--awb-text-font-family:&quot;Roboto&quot;;--awb-text-font-style:normal;--awb-text-font-weight:400;\"><p>If you are a professional or breeder and use or want to use NFNatcane in large quantities, benefit from NFNatcane Professional rates.<\/p>\n<p>To request rates and products, send us an email to <a href=\"mailto:nfnatcane@nfnatcane.es\">nfnatcane@nfnatcane.es<\/a> indicating in the subject \u201cProfessional Rates\u201d and including your professional details and location.<\/p>\n<p>If you are a professional and would like advice on which products would best suit your dogs or cats, send us an email with the subject \u201cProduct for the Professional\u201d, indicating breeds and characteristics (ring dogs, competition, stays, exercise, allergies, etc.), as well as your professional details.<\/p>\n<p>We will respond to your query as soon as possible, although due to the large number of requests received daily, the response may take a few days. We respond to all queries. <\/p>\n<\/div><div class=\"fusion-text fusion-text-2\" style=\"--awb-font-size:17px;--awb-text-font-family:&quot;Roboto&quot;;--awb-text-font-style:normal;--awb-text-font-weight:400;\"><p><strong>SHIPPING TO PROFESSIONALS:<\/strong> In the case of shipments to professionals, orders will be sent through the company SPAIN TIR-SCHENKER and will leave our warehouse every Tuesday and Thursday, except holidays.<\/p>\n<p>For Tuesday&#8217;s shipment, orders placed between Thursday and the previous Monday before 12:00 noon (Peninsular time) will be accepted. For each Thursday&#8217;s shipment, orders placed between Tuesday and the previous Wednesday before 12:00 noon (Peninsular time) will be accepted.<\/p>\n<\/div><div class=\"fusion-title title fusion-title-2 fusion-title-center fusion-title-text fusion-title-size-three\" style=\"--awb-margin-top:15px;--awb-margin-top-small:0px;--awb-margin-bottom-small:20px;\"><div class=\"title-sep-container title-sep-container-left\"><div class=\"title-sep sep- sep-solid\" style=\"border-color:var(--awb-color3);\"><\/div><\/div><span class=\"awb-title-spacer\"><\/span><h3 class=\"fusion-title-heading title-heading-center fusion-responsive-typography-calculated\" style=\"font-family:&quot;Roboto&quot;;font-style:normal;font-weight:500;margin:0;text-transform:capitalize;--fontSize:25;line-height:var(--awb-typography1-line-height);\"><p style=\"text-align: center;\"><strong data-start=\"23\" data-end=\"53\">WHO CAN BENEFIT?<\/strong><\/p>\n<p style=\"text-align: center;\">&nbsp;<\/p>\n<p data-start=\"55\" data-end=\"122\" data-is-last-node=\"\" data-is-only-node=\"\">&nbsp;<\/p><\/h3><span class=\"awb-title-spacer\"><\/span><div class=\"title-sep-container title-sep-container-right\"><div class=\"title-sep sep- sep-solid\" style=\"border-color:var(--awb-color3);\"><\/div><\/div><\/div><div class=\"fusion-text fusion-text-3\" style=\"--awb-font-size:17px;--awb-text-font-family:&quot;Roboto&quot;;--awb-text-font-style:normal;--awb-text-font-weight:400;\"><ul>\n<li>Dog \/ Cat Residences<\/li>\n<li>Breeders<\/li>\n<li>Training centers<\/li>\n<li>Working clubs<\/li>\n<li>Professionals of the sector<\/li>\n<\/ul>\n<\/div><\/div><\/div><\/div><\/div>\n","protected":false},"excerpt":{"rendered":"","protected":false},"author":10,"featured_media":0,"parent":0,"menu_order":0,"comment_status":"closed","ping_status":"closed","template":"","meta":{"footnotes":""},"class_list":["post-14853","page","type-page","status-publish","hentry"],"yoast_head":"<!-- This site is optimized with the Yoast SEO plugin v27.3 - https:\/\/yoast.com\/product\/yoast-seo-wordpress\/ -->\n<title>Professionals<\/title>\n<meta name=\"robots\" content=\"noindex, follow\" \/>\n<meta property=\"og:locale\" content=\"en_US\" \/>\n<meta property=\"og:type\" content=\"article\" \/>\n<meta property=\"og:title\" content=\"Professionals\" \/>\n<meta property=\"og:url\" content=\"https:\/\/nfnatcane.es\/en\/professionals\/\" \/>\n<meta property=\"og:site_name\" content=\"NFNatcane | Alimentaci\u00f3n natural\" \/>\n<meta property=\"og:image\" content=\"https:\/\/nfnatcane.es\/wp-content\/uploads\/2025\/06\/Logo-nfnatcane.jpeg\" \/>\n\t<meta property=\"og:image:width\" content=\"832\" \/>\n\t<meta property=\"og:image:height\" content=\"832\" \/>\n\t<meta property=\"og:image:type\" content=\"image\/jpeg\" \/>\n<meta name=\"twitter:card\" content=\"summary_large_image\" \/>\n<meta name=\"twitter:label1\" content=\"Est. reading time\" \/>\n\t<meta name=\"twitter:data1\" content=\"7 minutes\" \/>\n<script type=\"application\/ld+json\" class=\"yoast-schema-graph\">{\"@context\":\"https:\\\/\\\/schema.org\",\"@graph\":[{\"@type\":\"WebPage\",\"@id\":\"https:\\\/\\\/nfnatcane.es\\\/en\\\/professionals\\\/\",\"url\":\"https:\\\/\\\/nfnatcane.es\\\/en\\\/professionals\\\/\",\"name\":\"Professionals\",\"isPartOf\":{\"@id\":\"https:\\\/\\\/nfnatcane.es\\\/en\\\/#website\"},\"datePublished\":\"2026-02-17T08:39:06+00:00\",\"inLanguage\":\"en-US\",\"potentialAction\":[{\"@type\":\"ReadAction\",\"target\":[\"https:\\\/\\\/nfnatcane.es\\\/en\\\/professionals\\\/\"]}]},{\"@type\":\"WebSite\",\"@id\":\"https:\\\/\\\/nfnatcane.es\\\/en\\\/#website\",\"url\":\"https:\\\/\\\/nfnatcane.es\\\/en\\\/\",\"name\":\"NFNatcane | Alimentaci\u00f3n natural\",\"description\":\"Pienso natural para perros y gatos con la mejor relaci\u00f3n calidad-precio. Alimentos s\u00faper premium elaborados con ingredientes de primera calidad.\",\"potentialAction\":[{\"@type\":\"SearchAction\",\"target\":{\"@type\":\"EntryPoint\",\"urlTemplate\":\"https:\\\/\\\/nfnatcane.es\\\/en\\\/?s={search_term_string}\"},\"query-input\":{\"@type\":\"PropertyValueSpecification\",\"valueRequired\":true,\"valueName\":\"search_term_string\"}}],\"inLanguage\":\"en-US\"}]}<\/script>\n<!-- \/ Yoast SEO plugin. -->","yoast_head_json":{"title":"Professionals","robots":{"index":"noindex","follow":"follow"},"og_locale":"en_US","og_type":"article","og_title":"Professionals","og_url":"https:\/\/nfnatcane.es\/en\/professionals\/","og_site_name":"NFNatcane | Alimentaci\u00f3n natural","og_image":[{"width":832,"height":832,"url":"https:\/\/nfnatcane.es\/wp-content\/uploads\/2025\/06\/Logo-nfnatcane.jpeg","type":"image\/jpeg"}],"twitter_card":"summary_large_image","twitter_misc":{"Est. reading time":"7 minutes"},"schema":{"@context":"https:\/\/schema.org","@graph":[{"@type":"WebPage","@id":"https:\/\/nfnatcane.es\/en\/professionals\/","url":"https:\/\/nfnatcane.es\/en\/professionals\/","name":"Professionals","isPartOf":{"@id":"https:\/\/nfnatcane.es\/en\/#website"},"datePublished":"2026-02-17T08:39:06+00:00","inLanguage":"en-US","potentialAction":[{"@type":"ReadAction","target":["https:\/\/nfnatcane.es\/en\/professionals\/"]}]},{"@type":"WebSite","@id":"https:\/\/nfnatcane.es\/en\/#website","url":"https:\/\/nfnatcane.es\/en\/","name":"NFNatcane | Alimentaci\u00f3n natural","description":"Pienso natural para perros y gatos con la mejor relaci\u00f3n calidad-precio. Alimentos s\u00faper premium elaborados con ingredientes de primera calidad.","potentialAction":[{"@type":"SearchAction","target":{"@type":"EntryPoint","urlTemplate":"https:\/\/nfnatcane.es\/en\/?s={search_term_string}"},"query-input":{"@type":"PropertyValueSpecification","valueRequired":true,"valueName":"search_term_string"}}],"inLanguage":"en-US"}]}},"_links":{"self":[{"href":"https:\/\/nfnatcane.es\/en\/wp-json\/wp\/v2\/pages\/14853","targetHints":{"allow":["GET"]}}],"collection":[{"href":"https:\/\/nfnatcane.es\/en\/wp-json\/wp\/v2\/pages"}],"about":[{"href":"https:\/\/nfnatcane.es\/en\/wp-json\/wp\/v2\/types\/page"}],"author":[{"embeddable":true,"href":"https:\/\/nfnatcane.es\/en\/wp-json\/wp\/v2\/users\/10"}],"replies":[{"embeddable":true,"href":"https:\/\/nfnatcane.es\/en\/wp-json\/wp\/v2\/comments?post=14853"}],"version-history":[{"count":2,"href":"https:\/\/nfnatcane.es\/en\/wp-json\/wp\/v2\/pages\/14853\/revisions"}],"predecessor-version":[{"id":14855,"href":"https:\/\/nfnatcane.es\/en\/wp-json\/wp\/v2\/pages\/14853\/revisions\/14855"}],"wp:attachment":[{"href":"https:\/\/nfnatcane.es\/en\/wp-json\/wp\/v2\/media?parent=14853"}],"curies":[{"name":"wp","href":"https:\/\/api.w.org\/{rel}","templated":true}]}}