{"id":14847,"date":"2026-02-17T08:59:46","date_gmt":"2026-02-17T08:59:46","guid":{"rendered":"https:\/\/nfnatcane.es\/what-you-and-your-pet-have-been-looking-for\/"},"modified":"2025-05-23T09:59:46","modified_gmt":"2025-05-23T09:59:46","slug":"what-you-and-your-pet-have-been-looking-for","status":"publish","type":"page","link":"https:\/\/nfnatcane.es\/en\/what-you-and-your-pet-have-been-looking-for\/","title":{"rendered":"What You and your Pet Have been Looking For"},"content":{"rendered":"<ul data-start=\"39\" data-end=\"1038\">\n<li data-start=\"39\" data-end=\"334\">\n<p data-start=\"41\" data-end=\"334\">Possibly the best value for money today: direct sales, Spanish manufacturing, investment in quality. We do not sell in online stores or through intermediaries, which, in addition to being able to discount that section in the price, ensures that we remain true to the idea, image, price, and product. <\/p>\n<\/li>\n<li data-start=\"336\" data-end=\"405\">\n<p data-start=\"338\" data-end=\"405\">Natural and quality ingredients with selected raw materials.<\/p>\n<\/li>\n<li data-start=\"407\" data-end=\"497\">\n<p data-start=\"409\" data-end=\"497\">High palatability: intense natural aromas and adequate combination of ingredients.<\/p>\n<\/li>\n<li data-start=\"499\" data-end=\"767\">\n<p data-start=\"501\" data-end=\"767\">Digestibility and low rate of intolerances: We avoid ingredients and processes with a high rate of intolerances, and we use processes and raw materials suitable for hypoallergenic products. Protein digestibility rate higher than 95% in all products. <\/p>\n<\/li>\n<li data-start=\"769\" data-end=\"1019\">\n<p data-start=\"771\" data-end=\"1019\">Great variety of specific products to adjust the product to the needs of each dog (hypoallergenic, grain-free, monoproteic, hydrolyzed, light, digestive, for hair and skin, varied, high in metabolizable energy, etc.). <\/p>\n<\/li>\n<li data-start=\"1021\" data-end=\"1038\">\n<p data-start=\"1023\" data-end=\"1038\">Free shipping.<\/p>\n<\/li>\n<\/ul>\n<p data-start=\"1040\" data-end=\"1079\" data-is-last-node=\"\" data-is-only-node=\"\">What you and your pet have been looking for.<\/p>\n","protected":false},"excerpt":{"rendered":"<p>Possibly the best value for money today: direct sales, Spanish manufacturing, investment in quality. We do not sell in online<\/p>\n","protected":false},"author":10,"featured_media":0,"parent":0,"menu_order":0,"comment_status":"closed","ping_status":"closed","template":"","meta":{"footnotes":""},"class_list":["post-14847","page","type-page","status-publish","hentry"],"yoast_head":"<!-- This site is optimized with the Yoast SEO plugin v27.3 - https:\/\/yoast.com\/product\/yoast-seo-wordpress\/ -->\n<title>What You and your Pet Have been Looking For<\/title>\n<meta name=\"robots\" content=\"index, follow, max-snippet:-1, max-image-preview:large, max-video-preview:-1\" \/>\n<link rel=\"canonical\" href=\"https:\/\/nfnatcane.es\/en\/what-you-and-your-pet-have-been-looking-for\/\" \/>\n<meta property=\"og:locale\" content=\"en_US\" \/>\n<meta property=\"og:type\" content=\"article\" \/>\n<meta property=\"og:title\" content=\"What You and your Pet Have been Looking For\" \/>\n<meta property=\"og:description\" content=\"Possibly the best value for money today: direct sales, Spanish manufacturing, investment in quality. We do not sell in online\" \/>\n<meta property=\"og:url\" content=\"https:\/\/nfnatcane.es\/en\/what-you-and-your-pet-have-been-looking-for\/\" \/>\n<meta property=\"og:site_name\" content=\"NFNatcane | Alimentaci\u00f3n natural\" \/>\n<meta property=\"og:image\" content=\"https:\/\/nfnatcane.es\/wp-content\/uploads\/2025\/06\/Logo-nfnatcane.jpeg\" \/>\n\t<meta property=\"og:image:width\" content=\"832\" \/>\n\t<meta property=\"og:image:height\" content=\"832\" \/>\n\t<meta property=\"og:image:type\" content=\"image\/jpeg\" \/>\n<meta name=\"twitter:card\" content=\"summary_large_image\" \/>\n<meta name=\"twitter:label1\" content=\"Est. reading time\" \/>\n\t<meta name=\"twitter:data1\" content=\"1 minute\" \/>\n<script type=\"application\/ld+json\" class=\"yoast-schema-graph\">{\"@context\":\"https:\\\/\\\/schema.org\",\"@graph\":[{\"@type\":\"WebPage\",\"@id\":\"https:\\\/\\\/nfnatcane.es\\\/en\\\/what-you-and-your-pet-have-been-looking-for\\\/\",\"url\":\"https:\\\/\\\/nfnatcane.es\\\/en\\\/what-you-and-your-pet-have-been-looking-for\\\/\",\"name\":\"What You and your Pet Have been Looking For\",\"isPartOf\":{\"@id\":\"https:\\\/\\\/nfnatcane.es\\\/en\\\/#website\"},\"datePublished\":\"2026-02-17T08:59:46+00:00\",\"inLanguage\":\"en-US\",\"potentialAction\":[{\"@type\":\"ReadAction\",\"target\":[\"https:\\\/\\\/nfnatcane.es\\\/en\\\/what-you-and-your-pet-have-been-looking-for\\\/\"]}]},{\"@type\":\"WebSite\",\"@id\":\"https:\\\/\\\/nfnatcane.es\\\/en\\\/#website\",\"url\":\"https:\\\/\\\/nfnatcane.es\\\/en\\\/\",\"name\":\"NFNatcane | Alimentaci\u00f3n natural\",\"description\":\"Pienso natural para perros y gatos con la mejor relaci\u00f3n calidad-precio. Alimentos s\u00faper premium elaborados con ingredientes de primera calidad.\",\"potentialAction\":[{\"@type\":\"SearchAction\",\"target\":{\"@type\":\"EntryPoint\",\"urlTemplate\":\"https:\\\/\\\/nfnatcane.es\\\/en\\\/?s={search_term_string}\"},\"query-input\":{\"@type\":\"PropertyValueSpecification\",\"valueRequired\":true,\"valueName\":\"search_term_string\"}}],\"inLanguage\":\"en-US\"}]}<\/script>\n<!-- \/ Yoast SEO plugin. -->","yoast_head_json":{"title":"What You and your Pet Have been Looking For","robots":{"index":"index","follow":"follow","max-snippet":"max-snippet:-1","max-image-preview":"max-image-preview:large","max-video-preview":"max-video-preview:-1"},"canonical":"https:\/\/nfnatcane.es\/en\/what-you-and-your-pet-have-been-looking-for\/","og_locale":"en_US","og_type":"article","og_title":"What You and your Pet Have been Looking For","og_description":"Possibly the best value for money today: direct sales, Spanish manufacturing, investment in quality. We do not sell in online","og_url":"https:\/\/nfnatcane.es\/en\/what-you-and-your-pet-have-been-looking-for\/","og_site_name":"NFNatcane | Alimentaci\u00f3n natural","og_image":[{"width":832,"height":832,"url":"https:\/\/nfnatcane.es\/wp-content\/uploads\/2025\/06\/Logo-nfnatcane.jpeg","type":"image\/jpeg"}],"twitter_card":"summary_large_image","twitter_misc":{"Est. reading time":"1 minute"},"schema":{"@context":"https:\/\/schema.org","@graph":[{"@type":"WebPage","@id":"https:\/\/nfnatcane.es\/en\/what-you-and-your-pet-have-been-looking-for\/","url":"https:\/\/nfnatcane.es\/en\/what-you-and-your-pet-have-been-looking-for\/","name":"What You and your Pet Have been Looking For","isPartOf":{"@id":"https:\/\/nfnatcane.es\/en\/#website"},"datePublished":"2026-02-17T08:59:46+00:00","inLanguage":"en-US","potentialAction":[{"@type":"ReadAction","target":["https:\/\/nfnatcane.es\/en\/what-you-and-your-pet-have-been-looking-for\/"]}]},{"@type":"WebSite","@id":"https:\/\/nfnatcane.es\/en\/#website","url":"https:\/\/nfnatcane.es\/en\/","name":"NFNatcane | Alimentaci\u00f3n natural","description":"Pienso natural para perros y gatos con la mejor relaci\u00f3n calidad-precio. Alimentos s\u00faper premium elaborados con ingredientes de primera calidad.","potentialAction":[{"@type":"SearchAction","target":{"@type":"EntryPoint","urlTemplate":"https:\/\/nfnatcane.es\/en\/?s={search_term_string}"},"query-input":{"@type":"PropertyValueSpecification","valueRequired":true,"valueName":"search_term_string"}}],"inLanguage":"en-US"}]}},"_links":{"self":[{"href":"https:\/\/nfnatcane.es\/en\/wp-json\/wp\/v2\/pages\/14847","targetHints":{"allow":["GET"]}}],"collection":[{"href":"https:\/\/nfnatcane.es\/en\/wp-json\/wp\/v2\/pages"}],"about":[{"href":"https:\/\/nfnatcane.es\/en\/wp-json\/wp\/v2\/types\/page"}],"author":[{"embeddable":true,"href":"https:\/\/nfnatcane.es\/en\/wp-json\/wp\/v2\/users\/10"}],"replies":[{"embeddable":true,"href":"https:\/\/nfnatcane.es\/en\/wp-json\/wp\/v2\/comments?post=14847"}],"version-history":[{"count":0,"href":"https:\/\/nfnatcane.es\/en\/wp-json\/wp\/v2\/pages\/14847\/revisions"}],"wp:attachment":[{"href":"https:\/\/nfnatcane.es\/en\/wp-json\/wp\/v2\/media?parent=14847"}],"curies":[{"name":"wp","href":"https:\/\/api.w.org\/{rel}","templated":true}]}}