{"id":14792,"date":"2026-02-17T09:48:26","date_gmt":"2026-02-17T09:48:26","guid":{"rendered":"https:\/\/nfnatcane.es\/shipping\/"},"modified":"2025-05-23T09:48:26","modified_gmt":"2025-05-23T09:48:26","slug":"shipping","status":"publish","type":"page","link":"https:\/\/nfnatcane.es\/en\/shipping\/","title":{"rendered":"Shipping"},"content":{"rendered":"<p class=\"p1\"><strong><span class=\"s1\">AVAILABLE SHIPPING OPTIONS FROM COURIER COMPANIES:<\/span><\/strong><\/p>\n<p><img class=\"lazyload\" decoding=\"async\" src=\"data:image\/svg+xml,%3Csvg%20xmlns%3D%27http%3A%2F%2Fwww.w3.org%2F2000%2Fsvg%27%20width%3D%27650%27%20height%3D%27124%27%20viewBox%3D%270%200%20650%20124%27%3E%3Crect%20width%3D%27650%27%20height%3D%27124%27%20fill-opacity%3D%220%22%2F%3E%3C%2Fsvg%3E\" data-orig-src=\"https:\/\/nfnatcane.es\/img\/cms\/FOTO%20ENV%C3%8DOS.jpg\" alt=\"\" width=\"650\" height=\"124\"><\/p>\n<p><img class=\"lazyload\" decoding=\"async\" src=\"data:image\/svg+xml,%3Csvg%20xmlns%3D%27http%3A%2F%2Fwww.w3.org%2F2000%2Fsvg%27%20width%3D%27656%27%20height%3D%27238%27%20viewBox%3D%270%200%20656%20238%27%3E%3Crect%20width%3D%27656%27%20height%3D%27238%27%20fill-opacity%3D%220%22%2F%3E%3C%2Fsvg%3E\" data-orig-src=\"https:\/\/nfnatcane.es\/img\/cms\/SERVICIOS%20DE%20ENTREGA%20ENERO%202025.jpg\" alt=\"\" width=\"656\" height=\"238\"><\/p>\n","protected":false},"excerpt":{"rendered":"<p>AVAILABLE SHIPPING OPTIONS FROM COURIER COMPANIES:<\/p>\n","protected":false},"author":10,"featured_media":0,"parent":0,"menu_order":0,"comment_status":"closed","ping_status":"closed","template":"","meta":{"footnotes":""},"class_list":["post-14792","page","type-page","status-publish","hentry"],"yoast_head":"<!-- This site is optimized with the Yoast SEO plugin v27.3 - https:\/\/yoast.com\/product\/yoast-seo-wordpress\/ -->\n<title>Shipping<\/title>\n<meta name=\"robots\" content=\"noindex, follow\" \/>\n<meta property=\"og:locale\" content=\"en_US\" \/>\n<meta property=\"og:type\" content=\"article\" \/>\n<meta property=\"og:title\" content=\"Shipping\" \/>\n<meta property=\"og:description\" content=\"AVAILABLE SHIPPING OPTIONS FROM COURIER COMPANIES:\" \/>\n<meta property=\"og:url\" content=\"https:\/\/nfnatcane.es\/en\/shipping\/\" \/>\n<meta property=\"og:site_name\" content=\"NFNatcane | Alimentaci\u00f3n natural\" \/>\n<meta property=\"og:image\" content=\"https:\/\/nfnatcane.es\/img\/cms\/FOTO%20ENV%C3%8DOS.jpg\" \/>\n<meta name=\"twitter:card\" content=\"summary_large_image\" \/>\n<script type=\"application\/ld+json\" class=\"yoast-schema-graph\">{\"@context\":\"https:\\\/\\\/schema.org\",\"@graph\":[{\"@type\":\"WebPage\",\"@id\":\"https:\\\/\\\/nfnatcane.es\\\/en\\\/shipping\\\/\",\"url\":\"https:\\\/\\\/nfnatcane.es\\\/en\\\/shipping\\\/\",\"name\":\"Shipping\",\"isPartOf\":{\"@id\":\"https:\\\/\\\/nfnatcane.es\\\/en\\\/#website\"},\"primaryImageOfPage\":{\"@id\":\"https:\\\/\\\/nfnatcane.es\\\/en\\\/shipping\\\/#primaryimage\"},\"image\":{\"@id\":\"https:\\\/\\\/nfnatcane.es\\\/en\\\/shipping\\\/#primaryimage\"},\"thumbnailUrl\":\"https:\\\/\\\/nfnatcane.es\\\/img\\\/cms\\\/FOTO%20ENV%C3%8DOS.jpg\",\"datePublished\":\"2026-02-17T09:48:26+00:00\",\"inLanguage\":\"en-US\",\"potentialAction\":[{\"@type\":\"ReadAction\",\"target\":[\"https:\\\/\\\/nfnatcane.es\\\/en\\\/shipping\\\/\"]}]},{\"@type\":\"ImageObject\",\"inLanguage\":\"en-US\",\"@id\":\"https:\\\/\\\/nfnatcane.es\\\/en\\\/shipping\\\/#primaryimage\",\"url\":\"https:\\\/\\\/nfnatcane.es\\\/img\\\/cms\\\/FOTO%20ENV%C3%8DOS.jpg\",\"contentUrl\":\"https:\\\/\\\/nfnatcane.es\\\/img\\\/cms\\\/FOTO%20ENV%C3%8DOS.jpg\"},{\"@type\":\"WebSite\",\"@id\":\"https:\\\/\\\/nfnatcane.es\\\/en\\\/#website\",\"url\":\"https:\\\/\\\/nfnatcane.es\\\/en\\\/\",\"name\":\"NFNatcane | Alimentaci\u00f3n natural\",\"description\":\"Pienso natural para perros y gatos con la mejor relaci\u00f3n calidad-precio. Alimentos s\u00faper premium elaborados con ingredientes de primera calidad.\",\"potentialAction\":[{\"@type\":\"SearchAction\",\"target\":{\"@type\":\"EntryPoint\",\"urlTemplate\":\"https:\\\/\\\/nfnatcane.es\\\/en\\\/?s={search_term_string}\"},\"query-input\":{\"@type\":\"PropertyValueSpecification\",\"valueRequired\":true,\"valueName\":\"search_term_string\"}}],\"inLanguage\":\"en-US\"}]}<\/script>\n<!-- \/ Yoast SEO plugin. -->","yoast_head_json":{"title":"Shipping","robots":{"index":"noindex","follow":"follow"},"og_locale":"en_US","og_type":"article","og_title":"Shipping","og_description":"AVAILABLE SHIPPING OPTIONS FROM COURIER COMPANIES:","og_url":"https:\/\/nfnatcane.es\/en\/shipping\/","og_site_name":"NFNatcane | Alimentaci\u00f3n natural","og_image":[{"url":"https:\/\/nfnatcane.es\/img\/cms\/FOTO%20ENV%C3%8DOS.jpg","type":"","width":"","height":""}],"twitter_card":"summary_large_image","schema":{"@context":"https:\/\/schema.org","@graph":[{"@type":"WebPage","@id":"https:\/\/nfnatcane.es\/en\/shipping\/","url":"https:\/\/nfnatcane.es\/en\/shipping\/","name":"Shipping","isPartOf":{"@id":"https:\/\/nfnatcane.es\/en\/#website"},"primaryImageOfPage":{"@id":"https:\/\/nfnatcane.es\/en\/shipping\/#primaryimage"},"image":{"@id":"https:\/\/nfnatcane.es\/en\/shipping\/#primaryimage"},"thumbnailUrl":"https:\/\/nfnatcane.es\/img\/cms\/FOTO%20ENV%C3%8DOS.jpg","datePublished":"2026-02-17T09:48:26+00:00","inLanguage":"en-US","potentialAction":[{"@type":"ReadAction","target":["https:\/\/nfnatcane.es\/en\/shipping\/"]}]},{"@type":"ImageObject","inLanguage":"en-US","@id":"https:\/\/nfnatcane.es\/en\/shipping\/#primaryimage","url":"https:\/\/nfnatcane.es\/img\/cms\/FOTO%20ENV%C3%8DOS.jpg","contentUrl":"https:\/\/nfnatcane.es\/img\/cms\/FOTO%20ENV%C3%8DOS.jpg"},{"@type":"WebSite","@id":"https:\/\/nfnatcane.es\/en\/#website","url":"https:\/\/nfnatcane.es\/en\/","name":"NFNatcane | Alimentaci\u00f3n natural","description":"Pienso natural para perros y gatos con la mejor relaci\u00f3n calidad-precio. Alimentos s\u00faper premium elaborados con ingredientes de primera calidad.","potentialAction":[{"@type":"SearchAction","target":{"@type":"EntryPoint","urlTemplate":"https:\/\/nfnatcane.es\/en\/?s={search_term_string}"},"query-input":{"@type":"PropertyValueSpecification","valueRequired":true,"valueName":"search_term_string"}}],"inLanguage":"en-US"}]}},"_links":{"self":[{"href":"https:\/\/nfnatcane.es\/en\/wp-json\/wp\/v2\/pages\/14792","targetHints":{"allow":["GET"]}}],"collection":[{"href":"https:\/\/nfnatcane.es\/en\/wp-json\/wp\/v2\/pages"}],"about":[{"href":"https:\/\/nfnatcane.es\/en\/wp-json\/wp\/v2\/types\/page"}],"author":[{"embeddable":true,"href":"https:\/\/nfnatcane.es\/en\/wp-json\/wp\/v2\/users\/10"}],"replies":[{"embeddable":true,"href":"https:\/\/nfnatcane.es\/en\/wp-json\/wp\/v2\/comments?post=14792"}],"version-history":[{"count":0,"href":"https:\/\/nfnatcane.es\/en\/wp-json\/wp\/v2\/pages\/14792\/revisions"}],"wp:attachment":[{"href":"https:\/\/nfnatcane.es\/en\/wp-json\/wp\/v2\/media?parent=14792"}],"curies":[{"name":"wp","href":"https:\/\/api.w.org\/{rel}","templated":true}]}}